{"id":62,"date":"2018-05-08T21:12:02","date_gmt":"2018-05-08T20:12:02","guid":{"rendered":"https:\/\/oczamidziecka.al.uw.edu.pl\/?page_id=62"},"modified":"2021-08-21T13:43:58","modified_gmt":"2021-08-21T12:43:58","slug":"autorzy","status":"publish","type":"page","link":"https:\/\/oczamidziecka.al.uw.edu.pl\/index.php\/autorzy\/","title":{"rendered":"Autorzy"},"content":{"rendered":"<h6 class=\"p1\"><span class=\"s1\">Lista autor\u00f3w, kt\u00f3rych utwory znajduj\u0105 si\u0119 w katalogu:<\/span><span class=\"s1\">\u00a0<\/span><\/h6>\n<p>Gra\u017cyna B\u0105kiewicz<\/p>\n<ul>\n<li><a href=\"https:\/\/oczamidziecka.al.uw.edu.pl\/index.php\/ta-potworna-wojna\/\" target=\"_blank\" rel=\"noopener noreferrer\">Ta potworna wojna<\/a> (2019)<\/li>\n<\/ul>\n<p>Pawe\u0142 Ber\u0119sewicz (ur. 1970)<\/p>\n<ul>\n<li><a href=\"https:\/\/oczamidziecka.al.uw.edu.pl\/index.php\/wszystkie-lajki-marczuka\/\" target=\"_blank\" rel=\"noopener noreferrer\">Wszystkie lajki Marczuka<\/a> (2012)<\/li>\n<\/ul>\n<p>Ma\u0142gorzata J. Berwid (ur. 1958)<\/p>\n<ul>\n<li><a href=\"https:\/\/oczamidziecka.al.uw.edu.pl\/index.php\/wojenne-lalki-marysi\/\" target=\"_blank\" rel=\"noopener noreferrer\">Wojenne lalki Marysi<\/a> (2019)<\/li>\n<\/ul>\n<p class=\"p1\"><span class=\"s1\">Iwona Chmielewska (ur. 1960)<\/span><\/p>\n<ul>\n<li style=\"text-align: left;\"><a href=\"https:\/\/oczamidziecka.al.uw.edu.pl\/index.php\/pamietnik-blumki\/\" target=\"_blank\" rel=\"noopener noreferrer\">Pami\u0119tnik Blumki<\/a> (2011)<\/li>\n<\/ul>\n<p class=\"p1\"><span class=\"s1\">Dorota Combrzy\u0144ska-Nogala (ur. 1962)<\/span><\/p>\n<ul>\n<li><a href=\"https:\/\/oczamidziecka.al.uw.edu.pl\/index.php\/bezsennosc-jutki\/\" target=\"_blank\" rel=\"noopener noreferrer\">Bezsenno\u015b\u0107 Jutki<\/a> (2012)<\/li>\n<li><a href=\"https:\/\/oczamidziecka.al.uw.edu.pl\/index.php\/wysiedleni\/\" target=\"_blank\" rel=\"noopener noreferrer\">Wysiedleni<\/a> (2018)<\/li>\n<li><a href=\"https:\/\/oczamidziecka.al.uw.edu.pl\/index.php\/niedokonczona-opowiesc-pepe\/\" target=\"_blank\" rel=\"noopener noreferrer\">Niedoko\u0144czona opowie\u015b\u0107 Pepe<\/a> (2020)<\/li>\n<\/ul>\n<p class=\"p1\"><span class=\"s1\">Anna Czerwi\u0144ska-Rydel (ur. 1973)<\/span><\/p>\n<ul>\n<li><a href=\"https:\/\/oczamidziecka.al.uw.edu.pl\/index.php\/po-drugiej-stronie-okna-opowiesc-o-januszu-korczaku\/\" target=\"_blank\" rel=\"noopener noreferrer\">Po drugiej stronie okna. Opowie\u015b\u0107 o Januszu Korczaku<\/a> (2012)<\/li>\n<li><a href=\"https:\/\/oczamidziecka.al.uw.edu.pl\/index.php\/listy-w-butelce-opowiesc-o-irenie-sendlerowej\/\" target=\"_blank\" rel=\"noopener noreferrer\">Listy w butelce. Opowie\u015b\u0107 o Irenie Sendlerowej<\/a> (2018)<\/li>\n<\/ul>\n<p class=\"p1\"><span class=\"s1\">Batszewa Dagan (ur. 1925)<\/span><\/p>\n<ul>\n<li><a href=\"https:\/\/oczamidziecka.al.uw.edu.pl\/index.php\/co-wydarzylo-sie-w-czasie-zaglady-opowiesc-rymowana-dla-dzieci-ktore-chca-wiedziec\/\" target=\"_blank\" rel=\"noopener noreferrer\"><span class=\"s1\">Co wydarzy\u0142o si\u0119 w czasie Zag\u0142ady. Opowie\u015b\u0107 rymowana dla dzieci, kt\u00f3re chc\u0105 wiedzie\u0107 [\u05de\u05d4 \u05e7\u05e8\u05d4 \u05d1\u05e9\u05d5\u05d0\u05d4: \u05e1\u05e4\u05d5\u05e8 \u05d1\u05d7\u05e8\u05d5\u05d6\u05d9\u05dd \u05dc\u05d9\u05dc\u05d3\u05d9\u05dd \u05d4\u05e8\u05d5\u05e6\u05d9\u05dd \u05dc\u05d3\u05e2\u05ea] <\/span><\/a>(2012) [1991]<\/li>\n<li><a href=\"https:\/\/oczamidziecka.al.uw.edu.pl\/index.php\/czika-piesek-w-getcie\/\" target=\"_blank\" rel=\"noopener noreferrer\"><span class=\"s1\">Czika, piesek w getcie [\u05e6&#8217;\u05d9\u05e7\u05d4, \u05d4\u05db\u05dc\u05d1\u05d4 \u05d1\u05d2\u05d9\u05d8\u05d5]<\/span><\/a> (2012) [1992]<\/li>\n<li><a href=\"https:\/\/oczamidziecka.al.uw.edu.pl\/index.php\/gdyby-gwiazdy-mogly-mowic\/\" target=\"_blank\" rel=\"noopener noreferrer\">Gdyby gwiazdy mog\u0142y m\u00f3wi\u0107 [\u05dc\u05d5 \u05db\u05d5\u05db\u05d1\u05d9\u05dd \u05d9\u05d3\u05e2\u05d5 \u05dc\u05d3\u05d1\u05e8]<\/a> (2012) [2000]<\/li>\n<\/ul>\n<p>Anna Dziewit-Meller (ur. 1981)<\/p>\n<ul>\n<li class=\"p1\"><span class=\"s1\"><a href=\"https:\/\/oczamidziecka.al.uw.edu.pl\/index.php\/damy-dziewuchy-dziewczyny-historia-w-spodnicy\/\" target=\"_blank\" rel=\"noopener noreferrer\">Damy, dziewuchy, dziewczyny. Historia w sp\u00f3dnicy<\/a> (2017)<\/span><\/li>\n<\/ul>\n<p>Joanna Fabicka (ur. 1970)<\/p>\n<ul>\n<li><a href=\"https:\/\/oczamidziecka.al.uw.edu.pl\/index.php\/rutka\/\" target=\"_blank\" rel=\"noopener noreferrer\">Rutka<\/a> (2016)<\/li>\n<\/ul>\n<p class=\"p1\"><span class=\"s1\">Ant\u00f3n Fortes (ur. 1957), Joanna Concejo (ur. 1971)<\/span><\/p>\n<ul>\n<li><a href=\"https:\/\/oczamidziecka.al.uw.edu.pl\/index.php\/dym\/\" target=\"_blank\" rel=\"noopener noreferrer\">Dym [Fume]<\/a> (2011) [2008]<\/li>\n<\/ul>\n<p>Karolina Grabarczyk<\/p>\n<ul>\n<li><a href=\"https:\/\/oczamidziecka.al.uw.edu.pl\/index.php\/i-ty-mozesz-zmienic-swiat-42-inspirujace-historie-o-niezwyklych-dzieciach\/\" target=\"_blank\" rel=\"noopener noreferrer\">I ty mo\u017cesz zmieni\u0107 \u015bwiat. 42 inspiruj\u0105ce historie o niezwyk\u0142ych dzieciach<\/a> (2019)<\/li>\n<\/ul>\n<p class=\"p1\"><span class=\"s1\">Andrzej Marek Grabowski (ur. 1956)<\/span><\/p>\n<ul>\n<li class=\"p1\"><span class=\"s1\"><a href=\"https:\/\/oczamidziecka.al.uw.edu.pl\/index.php\/wojna-na-pieknym-brzegu\/\" target=\"_blank\" rel=\"noopener noreferrer\">Wojna na pi\u0119knym brzegu<\/a> (2014)<\/span><\/li>\n<\/ul>\n<p class=\"p1\"><span class=\"s1\">Ryszard Marek Gro\u0144ski (1939\u20132018)<\/span><\/p>\n<ul>\n<li><a href=\"https:\/\/oczamidziecka.al.uw.edu.pl\/index.php\/szlemiel\/\" target=\"_blank\" rel=\"noopener noreferrer\">Szlemiel<\/a> (2010)<\/li>\n<\/ul>\n<p class=\"p1\"><span class=\"s1\">Cezary Harasimowicz (ur. 1955)<\/span><\/p>\n<ul>\n<li><a href=\"https:\/\/oczamidziecka.al.uw.edu.pl\/index.php\/mirabelka\/\" target=\"_blank\" rel=\"noopener noreferrer\">Mirabelka<\/a> (2018)<\/li>\n<\/ul>\n<p class=\"p1\"><span class=\"s1\">Adam Jaromir (ur. 1971), Gabriela Cichowska (ur. 1984)<\/span><\/p>\n<ul>\n<li class=\"p1\"><span class=\"s1\"><a href=\"https:\/\/oczamidziecka.al.uw.edu.pl\/index.php\/ostatnie-przedstawienie-panny-esterki-opowiesc-z-getta-warszawskiego\/\" target=\"_blank\" rel=\"noopener noreferrer\">Ostatnie przedstawienie panny Esterki. Opowie\u015b\u0107 z getta warszawskiego<\/a> (2014)<\/span><\/li>\n<\/ul>\n<p>Aleksandra Jonas, Karolina Ko\u0142odziej, Maciej Kronenberg<\/p>\n<ul>\n<li><a href=\"https:\/\/oczamidziecka.al.uw.edu.pl\/index.php\/spacerkiem-po-lodzi\/\" target=\"_blank\" rel=\"noopener noreferrer\">Spacerkiem po \u0141odzi. Przewodnik dla dzieci<\/a> (2013)<\/li>\n<\/ul>\n<p>Marta J\u00f3zefczyk<\/p>\n<ul>\n<li><a href=\"https:\/\/oczamidziecka.al.uw.edu.pl\/index.php\/nasz-azyl\/\" target=\"_blank\" rel=\"noopener noreferrer\">Nasz azyl<\/a> (2020)<\/li>\n<\/ul>\n<p>Roman Kent (ur. 1929)<\/p>\n<ul>\n<li><a href=\"https:\/\/oczamidziecka.al.uw.edu.pl\/index.php\/moj-pies-lala-my-dog-lala\/\" target=\"_blank\" rel=\"noopener noreferrer\">M\u00f3j pies Lala [My dog Lala]<\/a> (2015) [2006]<\/li>\n<\/ul>\n<p class=\"p1\"><span class=\"s1\">Irena Landau (ur. 1932)<\/span><\/p>\n<ul>\n<li class=\"p1\"><span class=\"s1\"><a href=\"https:\/\/oczamidziecka.al.uw.edu.pl\/index.php\/ostatnie-pietro\/\" target=\"_blank\" rel=\"noopener noreferrer\">Ostatnie pi\u0119tro<\/a> (2015)<\/span><\/li>\n<\/ul>\n<p>Adam Michejda (ur. 1973)<\/p>\n<ul>\n<li><a href=\"https:\/\/oczamidziecka.al.uw.edu.pl\/index.php\/skarb-getta\/\" target=\"_blank\" rel=\"noopener noreferrer\">Skarb getta<\/a> (2019)<\/li>\n<\/ul>\n<p class=\"p1\"><span class=\"s1\">Ewa Nowak (ur. 1966)<\/span><\/p>\n<ul>\n<li class=\"p1\"><span class=\"s1\"><a href=\"https:\/\/oczamidziecka.al.uw.edu.pl\/index.php\/kto-uratowal-jedno-zycie-historia-ireny-sendlerowej\/\" target=\"_blank\" rel=\"noopener noreferrer\">Kto uratowa\u0142 jedno \u017cycie\u2026 Historia Ireny Sendlerowej<\/a> (2018)<\/span><\/li>\n<\/ul>\n<p class=\"p1\"><span class=\"s1\">Ula Orli\u0144ska-Frymus (ur. 1982)<\/span><\/p>\n<ul>\n<li class=\"p1\"><span class=\"s1\"><a href=\"https:\/\/oczamidziecka.al.uw.edu.pl\/index.php\/dziadko-powiastka-autobiograficzna-autobiographical-tale\/\" target=\"_blank\" rel=\"noopener noreferrer\">Dziadko. Powiastka autobiograficzna \/ Autobiographical Tale<\/a>\u00a0(2018)<\/span><\/li>\n<\/ul>\n<p class=\"p1\"><span class=\"s1\">Beata Ostrowicka (ur. 1966)<\/span><\/p>\n<ul>\n<li class=\"p1\"><span class=\"s1\"><a href=\"https:\/\/oczamidziecka.al.uw.edu.pl\/index.php\/jest-taka-historia-opowiesc-o-januszu-korczaku\/\" target=\"_blank\" rel=\"noopener noreferrer\">Jest taka historia. Opowie\u015b\u0107 o Januszu Korczaku<\/a> (2012)<\/span><\/li>\n<li><a href=\"https:\/\/oczamidziecka.al.uw.edu.pl\/index.php\/irena-sendlerowa-magiczny-koralik\/\" target=\"_blank\" rel=\"noopener noreferrer\">Irena Sendlerowa. Magiczny koralik<\/a> (2018)<\/li>\n<\/ul>\n<p class=\"p1\"><span class=\"s1\">Joanna Papuzi\u0144ska (ur. 1939)<\/span><\/p>\n<ul>\n<li class=\"p1\"><span class=\"s1\"><a href=\"https:\/\/oczamidziecka.al.uw.edu.pl\/index.php\/darowane-kreski\/\" target=\"_blank\" rel=\"noopener noreferrer\">Darowane kreski<\/a> (1994)<\/span><\/li>\n<\/ul>\n<p>Andrzej Perepeczko (ur. 1930)<\/p>\n<ul>\n<li><a href=\"https:\/\/oczamidziecka.al.uw.edu.pl\/index.php\/jedrus-chlopak-ze-lwowa\/\" target=\"_blank\" rel=\"noopener noreferrer\">J\u0119dru\u015b, ch\u0142opak ze Lwowa<\/a> (2019)<\/li>\n<\/ul>\n<p class=\"p1\"><span class=\"s1\">Renata Pi\u0105tkowska (ur.\u00a01958)<\/span><\/p>\n<ul>\n<li class=\"p1\"><span class=\"s1\"><a href=\"https:\/\/oczamidziecka.al.uw.edu.pl\/index.php\/wszystkie-moje-mamy\/\" target=\"_blank\" rel=\"noopener noreferrer\">Wszystkie moje mamy<\/a> (2013)<\/span><\/li>\n<\/ul>\n<p class=\"p1\"><span class=\"s1\">Joanna Rudnia\u0144ska (ur. 1948)<\/span><\/p>\n<ul>\n<li class=\"p1\"><a href=\"https:\/\/oczamidziecka.al.uw.edu.pl\/index.php\/kotka-brygidy\/\" target=\"_blank\" rel=\"noopener noreferrer\">Kotka Brygidy<\/a> (2007)<\/li>\n<li class=\"p1\"><span class=\"s1\"><a href=\"https:\/\/oczamidziecka.al.uw.edu.pl\/index.php\/xy\/\" target=\"_blank\" rel=\"noopener noreferrer\">XY<\/a> (2012)<\/span><\/li>\n<\/ul>\n<p>Micha\u0142 Rusinek (ur. 1972), Ola Cie\u015blak (ur. 1981)<\/p>\n<ul>\n<li><a href=\"https:\/\/oczamidziecka.al.uw.edu.pl\/index.php\/powieki\/\" target=\"_blank\" rel=\"noopener noreferrer\">Powieki. Bajka dedykowana pami\u0119ci Janusza Korczaka<\/a> (2012)<\/li>\n<\/ul>\n<p class=\"p1\"><span class=\"s1\">Katarzyna Ryrych (ur. 1959)<\/span><\/p>\n<ul>\n<li class=\"p1\"><span class=\"s1\"><a href=\"https:\/\/oczamidziecka.al.uw.edu.pl\/index.php\/bombka-babci-zilbersztajn\/\" target=\"_blank\" rel=\"noopener noreferrer\">Bombka babci Zilbersztajn<\/a> (2018)<\/span><\/li>\n<li><a href=\"https:\/\/oczamidziecka.al.uw.edu.pl\/index.php\/pan-apoteker\/\" target=\"_blank\" rel=\"noopener noreferrer\">Pan Apoteker<\/a> (2018)<\/li>\n<li><a href=\"https:\/\/oczamidziecka.al.uw.edu.pl\/index.php\/mala-wojna\/\" target=\"_blank\" rel=\"noopener noreferrer\">Ma\u0142a wojna<\/a> (2019)<\/li>\n<\/ul>\n<p>Krystyna Siesicka (1928\u20132015)<\/p>\n<ul>\n<li><a href=\"https:\/\/oczamidziecka.al.uw.edu.pl\/index.php\/nie-ma-z-kim-tanczyc-erotyk-dla-panienek-z-dobrych-domow\/\" target=\"_blank\" rel=\"noopener noreferrer\">&#8230;Nie ma z kim ta\u0144czy\u0107&#8230; Erotyk dla panienek z dobrych dom\u00f3w<\/a> (2001)<\/li>\n<\/ul>\n<p>Krzysztof Str\u0119cioch (ur. 1991)<\/p>\n<ul>\n<li><a href=\"https:\/\/oczamidziecka.al.uw.edu.pl\/index.php\/dom-cioci-lusi\/\" target=\"_blank\" rel=\"noopener noreferrer\">Dom cioci Lusi<\/a> (2018)<\/li>\n<\/ul>\n<p class=\"p1\"><span class=\"s1\">Agnieszka Suchowierska<\/span><\/p>\n<ul>\n<li class=\"p1\"><span class=\"s1\"><a href=\"https:\/\/oczamidziecka.al.uw.edu.pl\/index.php\/ada-judytka-i-zaginiony-tales\/\" target=\"_blank\" rel=\"noopener noreferrer\">Ada Judytka i zaginiony ta\u0142es<\/a> (2017)<\/span><\/li>\n<\/ul>\n<p class=\"p1\"><span class=\"s1\">Marcin Szczygielski (ur. 1972)<\/span><\/p>\n<ul>\n<li class=\"p1\"><span class=\"s1\"><a href=\"https:\/\/oczamidziecka.al.uw.edu.pl\/index.php\/arka-czasu-czyli-wielka-ucieczka-rafala-od-kiedys-przez-wtedy-do-teraz-i-wstecz\/\" target=\"_blank\" rel=\"noopener noreferrer\">Arka czasu, czyli wielka ucieczka Rafa\u0142a od kiedy\u015b przez wtedy do teraz i wstecz<\/a> (2013)<\/span><\/li>\n<\/ul>\n<p class=\"p1\"><span class=\"s1\">Nadia Terranova (ur. 1978)<\/span><\/p>\n<ul>\n<li><a href=\"https:\/\/oczamidziecka.al.uw.edu.pl\/index.php\/bruno-chlopiec-ktory-nauczyl-sie-latac-bruno-il-bambino-che-imparo-a-volare\/\" target=\"_blank\" rel=\"noopener noreferrer\">Bruno. Ch\u0142opiec, kt\u00f3ry nauczy\u0142 si\u0119 lata\u0107 [Bruno. Il bambino che impar\u00f2 a volare]<\/a> (2016) [2012]<\/li>\n<\/ul>\n<p class=\"p1\"><span class=\"s1\">Agata Tuszy\u0144ska (ur. 1957), Iwona Chmielewska (ur. 1960)<\/span><\/p>\n<ul>\n<li><a href=\"https:\/\/oczamidziecka.al.uw.edu.pl\/index.php\/mama-zawsze-wraca\/\" target=\"_blank\" rel=\"noopener noreferrer\">Mama zawsze wraca<\/a>\u00a0(2020)<\/li>\n<\/ul>\n<p class=\"p1\"><span class=\"s1\">Tomi Ungerer (1931\u20132019)<\/span><\/p>\n<ul>\n<li><a href=\"https:\/\/oczamidziecka.al.uw.edu.pl\/index.php\/otto-autobiografia-pluszowego-misia\/\" target=\"_blank\" rel=\"noopener noreferrer\"><span class=\"s1\">Otto. Autobiografia pluszowego misia [Otto: The Autobiography of a Teddy Bear]<\/span><\/a> (2011) [1999]<\/li>\n<\/ul>\n","protected":false},"excerpt":{"rendered":"<p>Lista autor\u00f3w, kt\u00f3rych utwory znajduj\u0105 si\u0119 w katalogu:\u00a0 Gra\u017cyna B\u0105kiewicz Ta potworna wojna (2019) Pawe\u0142 Ber\u0119sewicz (ur. 1970) Wszystkie lajki Marczuka (2012) Ma\u0142gorzata J. Berwid (ur. 1958) Wojenne lalki Marysi (2019) Iwona Chmielewska (ur. 1960) Pami\u0119tnik Blumki (2011) Dorota Combrzy\u0144ska-Nogala (ur. 1962) Bezsenno\u015b\u0107 Jutki (2012) Wysiedleni (2018) Niedoko\u0144czona opowie\u015b\u0107 Pepe (2020) Anna Czerwi\u0144ska-Rydel (ur. 1973) Po drugiej stronie okna. Opowie\u015b\u0107 o Januszu Korczaku (2012) Listy w butelce. Opowie\u015b\u0107 o Irenie Sendlerowej (2018) Batszewa Dagan (ur. 1925) Co wydarzy\u0142o si\u0119 w czasie Zag\u0142ady. Opowie\u015b\u0107 rymowana dla dzieci, kt\u00f3re chc\u0105 wiedzie\u0107 [\u05de\u05d4 \u05e7\u05e8\u05d4 \u05d1\u05e9\u05d5\u05d0\u05d4: \u05e1\u05e4\u05d5\u05e8 \u05d1\u05d7\u05e8\u05d5\u05d6\u05d9\u05dd \u05dc\u05d9\u05dc\u05d3\u05d9\u05dd \u05d4\u05e8\u05d5\u05e6\u05d9\u05dd \u05dc\u05d3\u05e2\u05ea] (2012) [1991] Czika, piesek w getcie [\u05e6&#8217;\u05d9\u05e7\u05d4, \u05d4\u05db\u05dc\u05d1\u05d4 \u05d1\u05d2\u05d9\u05d8\u05d5] (2012) [1992] Gdyby gwiazdy mog\u0142y m\u00f3wi\u0107 [\u05dc\u05d5 \u05db\u05d5\u05db\u05d1\u05d9\u05dd \u05d9\u05d3\u05e2\u05d5 \u05dc\u05d3\u05d1\u05e8] (2012) [2000] Anna Dziewit-Meller (ur. 1981) Damy, dziewuchy, dziewczyny. Historia w sp\u00f3dnicy (2017) Joanna Fabicka (ur. 1970) Rutka (2016) Ant\u00f3n Fortes (ur. 1957), Joanna Concejo (ur. 1971) Dym [Fume] (2011) [2008] Karolina Grabarczyk I ty mo\u017cesz zmieni\u0107 \u015bwiat. 42 inspiruj\u0105ce historie o niezwyk\u0142ych dzieciach (2019) Andrzej Marek Grabowski (ur. 1956) Wojna na pi\u0119knym brzegu (2014) Ryszard Marek Gro\u0144ski (1939\u20132018) Szlemiel (2010) Cezary Harasimowicz (ur. 1955) Mirabelka (2018) Adam Jaromir (ur. 1971), Gabriela Cichowska (ur. 1984) Ostatnie przedstawienie panny Esterki. Opowie\u015b\u0107 z getta warszawskiego (2014) Aleksandra Jonas, Karolina Ko\u0142odziej, Maciej Kronenberg Spacerkiem po \u0141odzi. Przewodnik dla dzieci (2013) Marta J\u00f3zefczyk Nasz azyl (2020) Roman Kent (ur. 1929) M\u00f3j pies Lala [My dog Lala] (2015) [2006] Irena Landau (ur. 1932) Ostatnie pi\u0119tro (2015) Adam Michejda (ur. 1973) Skarb getta (2019) Ewa Nowak (ur. 1966) Kto uratowa\u0142 jedno \u017cycie\u2026 Historia Ireny Sendlerowej (2018) Ula Orli\u0144ska-Frymus (ur. 1982) Dziadko. Powiastka autobiograficzna \/ Autobiographical Tale\u00a0(2018) Beata Ostrowicka (ur. 1966) Jest taka historia. Opowie\u015b\u0107 o Januszu Korczaku (2012) Irena Sendlerowa. Magiczny koralik (2018) Joanna Papuzi\u0144ska (ur. 1939) Darowane kreski (1994) Andrzej Perepeczko (ur. 1930) J\u0119dru\u015b, ch\u0142opak ze Lwowa (2019) Renata Pi\u0105tkowska (ur.\u00a01958) Wszystkie moje mamy (2013) Joanna Rudnia\u0144ska (ur. 1948) Kotka Brygidy (2007) XY (2012) Micha\u0142 Rusinek (ur. 1972), Ola Cie\u015blak (ur. 1981) Powieki. Bajka dedykowana pami\u0119ci Janusza Korczaka (2012) Katarzyna Ryrych (ur. 1959) Bombka babci Zilbersztajn (2018) Pan Apoteker (2018) Ma\u0142a wojna (2019) Krystyna Siesicka (1928\u20132015) &#8230;Nie ma z kim ta\u0144czy\u0107&#8230; Erotyk dla panienek z dobrych dom\u00f3w (2001) Krzysztof Str\u0119cioch (ur. 1991) Dom cioci Lusi (2018) Agnieszka Suchowierska Ada Judytka i zaginiony ta\u0142es (2017) Marcin Szczygielski (ur. 1972) Arka czasu, czyli wielka ucieczka Rafa\u0142a od kiedy\u015b przez wtedy do teraz i wstecz (2013) Nadia Terranova (ur. 1978) Bruno. Ch\u0142opiec, kt\u00f3ry nauczy\u0142 si\u0119 lata\u0107 [Bruno. Il bambino che impar\u00f2 a volare] (2016) [2012] Agata Tuszy\u0144ska (ur. 1957), Iwona Chmielewska (ur. 1960) Mama zawsze wraca\u00a0(2020) Tomi Ungerer (1931\u20132019) Otto. Autobiografia pluszowego misia [Otto: The Autobiography of a Teddy Bear] (2011) [1999]<\/p>\n","protected":false},"author":1,"featured_media":0,"parent":0,"menu_order":0,"comment_status":"closed","ping_status":"closed","template":"","meta":[],"_links":{"self":[{"href":"https:\/\/oczamidziecka.al.uw.edu.pl\/index.php\/wp-json\/wp\/v2\/pages\/62"}],"collection":[{"href":"https:\/\/oczamidziecka.al.uw.edu.pl\/index.php\/wp-json\/wp\/v2\/pages"}],"about":[{"href":"https:\/\/oczamidziecka.al.uw.edu.pl\/index.php\/wp-json\/wp\/v2\/types\/page"}],"author":[{"embeddable":true,"href":"https:\/\/oczamidziecka.al.uw.edu.pl\/index.php\/wp-json\/wp\/v2\/users\/1"}],"replies":[{"embeddable":true,"href":"https:\/\/oczamidziecka.al.uw.edu.pl\/index.php\/wp-json\/wp\/v2\/comments?post=62"}],"version-history":[{"count":79,"href":"https:\/\/oczamidziecka.al.uw.edu.pl\/index.php\/wp-json\/wp\/v2\/pages\/62\/revisions"}],"predecessor-version":[{"id":3537,"href":"https:\/\/oczamidziecka.al.uw.edu.pl\/index.php\/wp-json\/wp\/v2\/pages\/62\/revisions\/3537"}],"wp:attachment":[{"href":"https:\/\/oczamidziecka.al.uw.edu.pl\/index.php\/wp-json\/wp\/v2\/media?parent=62"}],"curies":[{"name":"wp","href":"https:\/\/api.w.org\/{rel}","templated":true}]}}