{"id":54,"date":"2018-05-08T21:11:33","date_gmt":"2018-05-08T20:11:33","guid":{"rendered":"https:\/\/oczamidziecka.al.uw.edu.pl\/?page_id=54"},"modified":"2019-03-24T21:53:40","modified_gmt":"2019-03-24T20:53:40","slug":"katalog","status":"publish","type":"page","link":"https:\/\/oczamidziecka.al.uw.edu.pl\/index.php\/katalog\/","title":{"rendered":"Katalog"},"content":{"rendered":"<h6>Co znajduje si\u0119 w katalogu?<\/h6>\n<p>W katalogu zebrane zosta\u0142y utwory dla dzieci i m\u0142odzie\u017cy poruszaj\u0105ce temat Zag\u0142ady \u017byd\u00f3w. Bywa ona zar\u00f3wno tematem g\u0142\u00f3wnym, jak i pobocznym czy epizodycznym, czasem nie m\u00f3wi si\u0119 o Szoa wprost. Cho\u0107 projekt <a href=\"https:\/\/oczamidziecka.al.uw.edu.pl\/\" target=\"_blank\" rel=\"noopener\">\u201eOczami dziecka\u201d<\/a> skupia si\u0119 na polskich utworach opublikowanych po roku 1989, w katalogu znalaz\u0142y si\u0119 r\u00f3wnie\u017c ksi\u0105\u017cki opublikowane wcze\u015bniej, jak i te t\u0142umaczone na j\u0119zyk polski, a pierwotnie wydane poza granicami kraju.<\/p>\n<h6>Jak u\u017cywa\u0107 katalogu?<\/h6>\n<p>W zak\u0142adce <a href=\"https:\/\/oczamidziecka.al.uw.edu.pl\/index.php\/autorzy\/\" target=\"_blank\" rel=\"noopener\">Autorzy<\/a> znajduje si\u0119 lista wszystkich utwor\u00f3w uporz\u0105dkowana wed\u0142ug nazwisk autor\u00f3w. Po klikni\u0119ciu w odpowiedni link mo\u017cna otworzy\u0107 kr\u00f3tki opis bibliograficzny i streszczenie. Za pomoc\u0105 przycisk\u00f3w w g\u00f3rnym panelu mo\u017cna zmieni\u0107 j\u0119zyk strony: polski lub angielski.<\/p>\n<p>Do wyszukiwania s\u0142u\u017cy pole Search zlokalizowane po prawej stronie. Po wpisaniu dowolnego s\u0142owa strona przeszuka tre\u015b\u0107 wszystkich umieszczonych w katalogu hase\u0142.<\/p>\n<h6>Opracowania naukowe<\/h6>\n<p>W zak\u0142adce <a href=\"https:\/\/oczamidziecka.al.uw.edu.pl\/index.php\/bibliografia\/\" target=\"_blank\" rel=\"noopener\">Bibliografia<\/a> znajduje si\u0119 lista tekst\u00f3w naukowych po\u015bwi\u0119conych Zag\u0142adzie w literaturze dzieci\u0119cej i m\u0142odzie\u017cowej, tak polskiej, jak i obcej. Ponadto ka\u017cdy wpis w katalogu uzupe\u0142niony zosta\u0142 o list\u0119 opracowa\u0144, w kt\u00f3rych pojawia si\u0119 utw\u00f3r uwzgl\u0119dniony w bazie.<\/p>\n<h6>Braki w katalogu<\/h6>\n<p>Strona internetowa powstaj\u0105ca w ramach projektu &#8220;Oczami dziecka&#8221; pozostanie w budowie a\u017c do listopada 2020 roku. Je\u015bli w katalogu lub bibliografii brakuje jakiego\u015b utworu literackiego lub opracowania naukowego, zach\u0119cam do przesy\u0142ania uwag (szczeg\u00f3\u0142y w zak\u0142adce <a href=\"https:\/\/oczamidziecka.al.uw.edu.pl\/index.php\/kontakt\/\" target=\"_blank\" rel=\"noopener\">Kontakt<\/a>).<\/p>\n","protected":false},"excerpt":{"rendered":"<p>Co znajduje si\u0119 w katalogu? W katalogu zebrane zosta\u0142y utwory dla dzieci i m\u0142odzie\u017cy poruszaj\u0105ce temat Zag\u0142ady \u017byd\u00f3w. Bywa ona zar\u00f3wno tematem g\u0142\u00f3wnym, jak i pobocznym czy epizodycznym, czasem nie m\u00f3wi si\u0119 o Szoa wprost. Cho\u0107 projekt \u201eOczami dziecka\u201d skupia si\u0119 na polskich utworach opublikowanych po roku 1989, w katalogu znalaz\u0142y si\u0119 r\u00f3wnie\u017c ksi\u0105\u017cki opublikowane wcze\u015bniej, jak i te t\u0142umaczone na j\u0119zyk polski, a pierwotnie wydane poza granicami kraju. Jak u\u017cywa\u0107 katalogu? W zak\u0142adce Autorzy znajduje si\u0119 lista wszystkich utwor\u00f3w uporz\u0105dkowana wed\u0142ug nazwisk autor\u00f3w. Po klikni\u0119ciu w odpowiedni link mo\u017cna otworzy\u0107 kr\u00f3tki opis bibliograficzny i streszczenie. Za pomoc\u0105 przycisk\u00f3w w g\u00f3rnym panelu mo\u017cna zmieni\u0107 j\u0119zyk strony: polski lub angielski. Do wyszukiwania s\u0142u\u017cy pole Search zlokalizowane po prawej stronie. Po wpisaniu dowolnego s\u0142owa strona przeszuka tre\u015b\u0107 wszystkich umieszczonych w katalogu hase\u0142. Opracowania naukowe W zak\u0142adce Bibliografia znajduje si\u0119 lista tekst\u00f3w naukowych po\u015bwi\u0119conych Zag\u0142adzie w literaturze dzieci\u0119cej i m\u0142odzie\u017cowej, tak polskiej, jak i obcej. Ponadto ka\u017cdy wpis w katalogu uzupe\u0142niony zosta\u0142 o list\u0119 opracowa\u0144, w kt\u00f3rych pojawia si\u0119 utw\u00f3r uwzgl\u0119dniony w bazie. Braki w katalogu Strona internetowa powstaj\u0105ca w ramach projektu &#8220;Oczami dziecka&#8221; pozostanie w budowie a\u017c do listopada 2020 roku. Je\u015bli w katalogu lub bibliografii brakuje jakiego\u015b utworu literackiego lub opracowania naukowego, zach\u0119cam do przesy\u0142ania uwag (szczeg\u00f3\u0142y w zak\u0142adce Kontakt).<\/p>\n","protected":false},"author":1,"featured_media":0,"parent":0,"menu_order":0,"comment_status":"closed","ping_status":"closed","template":"","meta":[],"_links":{"self":[{"href":"https:\/\/oczamidziecka.al.uw.edu.pl\/index.php\/wp-json\/wp\/v2\/pages\/54"}],"collection":[{"href":"https:\/\/oczamidziecka.al.uw.edu.pl\/index.php\/wp-json\/wp\/v2\/pages"}],"about":[{"href":"https:\/\/oczamidziecka.al.uw.edu.pl\/index.php\/wp-json\/wp\/v2\/types\/page"}],"author":[{"embeddable":true,"href":"https:\/\/oczamidziecka.al.uw.edu.pl\/index.php\/wp-json\/wp\/v2\/users\/1"}],"replies":[{"embeddable":true,"href":"https:\/\/oczamidziecka.al.uw.edu.pl\/index.php\/wp-json\/wp\/v2\/comments?post=54"}],"version-history":[{"count":8,"href":"https:\/\/oczamidziecka.al.uw.edu.pl\/index.php\/wp-json\/wp\/v2\/pages\/54\/revisions"}],"predecessor-version":[{"id":1470,"href":"https:\/\/oczamidziecka.al.uw.edu.pl\/index.php\/wp-json\/wp\/v2\/pages\/54\/revisions\/1470"}],"wp:attachment":[{"href":"https:\/\/oczamidziecka.al.uw.edu.pl\/index.php\/wp-json\/wp\/v2\/media?parent=54"}],"curies":[{"name":"wp","href":"https:\/\/api.w.org\/{rel}","templated":true}]}}