{"id":3173,"date":"2021-04-26T21:24:39","date_gmt":"2021-04-26T20:24:39","guid":{"rendered":"https:\/\/oczamidziecka.al.uw.edu.pl\/?page_id=3173"},"modified":"2023-12-06T10:29:59","modified_gmt":"2023-12-06T09:29:59","slug":"nasz-azyl","status":"publish","type":"page","link":"https:\/\/oczamidziecka.al.uw.edu.pl\/index.php\/nasz-azyl\/","title":{"rendered":"Nasz azyl"},"content":{"rendered":"\n<div class=\"wp-block-columns has-2-columns\">\n<div class=\"wp-block-column\">\n<h6>Autor: Marta J\u00f3zefczyk<\/h6>\n\n\n\n<h6>Ilustracje:&nbsp;Katarzyna Bukiert<\/h6>\n\n\n\n<h6>Rok wydania: 2020<\/h6>\n\n\n\n<h6>Wydawnictwo: BIS<\/h6>\n\n\n\n<h6>Miejsce wydania: Warszawa<\/h6>\n\n\n\n<h6>Liczba stron: 96<\/h6>\n\n\n\n<h6>ISBN:&nbsp;9788375516456<\/h6>\n<\/div>\n\n\n\n<div class=\"wp-block-column\">\n<div class=\"wp-block-image\"><figure class=\"alignright\"><img loading=\"lazy\" width=\"270\" height=\"380\" src=\"https:\/\/oczamidziecka.al.uw.edu.pl\/wp-content\/uploads\/2021\/04\/NASZ_AZYL_500-e1619517942396.jpg\" alt=\"\" class=\"wp-image-3200\"\/><figcaption>Wykorzystanie ok\u0142adki za zgod\u0105 wydawcy. \u00a9Marta J\u00f3zefczyk \u00a9Wydawnictwo BIS 2020<\/figcaption><\/figure><\/div>\n<\/div>\n<\/div>\n\n\n<p>Opowie\u015b\u0107 Marty J\u00f3zefczyk bazuje na wspomnieniach Antoniny \u017babi\u0144skiej, \u017cony Jana \u017babi\u0144skiego, dyrektora warszawskiego ogrodu zoologicznego w latach 1928\u20131951. Ma\u0142\u017ce\u0144stwo wraz z synem Rysiem musi radzi\u0107 sobie w ci\u0119\u017ckich czasach niemieckiej okupacji, kt\u00f3ra odbija si\u0119 nie tylko na mieszka\u0144cach Warszawy, ale te\u017c kondycji zoo. W wyniku dzia\u0142a\u0144 wojennych cz\u0119\u015b\u0107 jego budynk\u00f3w zosta\u0142a zniszczona, a niekt\u00f3re zwierz\u0119ta zgin\u0119\u0142y lub uciek\u0142y, ponadto na terenie ogrodu powsta\u0142a hodowla \u015bwi\u0144 i ferma lis\u00f3w. Mimo pozornej stagnacji, ma\u0142\u017ce\u0144stwo \u017babi\u0144skich pr\u0119\u017cnie wpiera\u0142o potrzebuj\u0105cych, zar\u00f3wno zwierz\u0119ta, jak i ludzi, pomagaj\u0105c cz\u0142onkom konspiracji oraz \u017bydom z <a href=\"https:\/\/sztetl.org.pl\/pl\/miejscowosci\/w\/18-warszawa\/116-miejsca-martyrologii\/52389-getto-w-warszawie\" target=\"_blank\" rel=\"noopener noreferrer\">warszawskiego getta<\/a> i oferuj\u0105c im schronienie w swojej willi mieszcz\u0105cej si\u0119 na terenie zoo.<\/p>\n<p>W <em>Naszym azylu<\/em> zawartych zosta\u0142o wiele szczeg\u00f3\u0142\u00f3w dotycz\u0105cych los\u00f3w warszawskich \u017byd\u00f3w, bo to oni stanowili najliczniejsz\u0105 grup\u0119 wspieran\u0105 przez <a href=\"https:\/\/sprawiedliwi.org.pl\/pl\/historie-pomocy\/historia-pomocy-rodzina-zabinskich\" target=\"_blank\" rel=\"noopener noreferrer\">\u017babi\u0144skich<\/a>, kt\u00f3rzy po wojnie zostali wyr\u00f3\u017cnieni tytu\u0142em Sprawiedliwych w\u015br\u00f3d Narod\u00f3w \u015awiata. Poznaj\u0105c kilkoro \u017cydowskich bohater\u00f3w, czytelnik mo\u017ce wiele dowiedzie\u0107 si\u0119 o warunkach panuj\u0105cych w getcie, sposobach przemycania \u017byd\u00f3w na \u201earyjsk\u0105 stron\u0119\u201d i tworzeniu im nowych to\u017csamo\u015bci czy szukaniu bezpiecznej kryj\u00f3wki poza miastem.<\/p>\n<p>\u00a0<\/p>\n<h6>Bibliografia:<\/h6>\n<ul>\n<li>Rybak, K.,\u00a0<em>Obrazowanie Zag\u0142ady. Narracje holokaustowe w polskiej literaturze XXI wieku dla dzieci i m\u0142odzie\u017cy<\/em>, Warszawa 2023.<\/li>\n<\/ul>","protected":false},"excerpt":{"rendered":"<p>Autor: Marta J\u00f3zefczyk Ilustracje:&nbsp;Katarzyna Bukiert Rok wydania: 2020 Wydawnictwo: BIS Miejsce wydania: Warszawa Liczba stron: 96 ISBN:&nbsp;9788375516456 Opowie\u015b\u0107 Marty J\u00f3zefczyk bazuje na wspomnieniach Antoniny \u017babi\u0144skiej, \u017cony Jana \u017babi\u0144skiego, dyrektora warszawskiego ogrodu zoologicznego w latach 1928\u20131951. Ma\u0142\u017ce\u0144stwo wraz z synem Rysiem musi radzi\u0107 sobie w ci\u0119\u017ckich czasach niemieckiej okupacji, kt\u00f3ra odbija si\u0119 nie tylko na mieszka\u0144cach Warszawy, ale te\u017c kondycji zoo. W wyniku dzia\u0142a\u0144 wojennych cz\u0119\u015b\u0107 jego budynk\u00f3w zosta\u0142a zniszczona, a niekt\u00f3re zwierz\u0119ta zgin\u0119\u0142y lub uciek\u0142y, ponadto na terenie ogrodu powsta\u0142a hodowla \u015bwi\u0144 i ferma lis\u00f3w. Mimo pozornej stagnacji, ma\u0142\u017ce\u0144stwo \u017babi\u0144skich pr\u0119\u017cnie wpiera\u0142o potrzebuj\u0105cych, zar\u00f3wno zwierz\u0119ta, jak i ludzi, pomagaj\u0105c cz\u0142onkom konspiracji oraz \u017bydom z warszawskiego getta i oferuj\u0105c im schronienie w swojej willi mieszcz\u0105cej si\u0119 na terenie zoo. W Naszym azylu zawartych zosta\u0142o wiele szczeg\u00f3\u0142\u00f3w dotycz\u0105cych los\u00f3w warszawskich \u017byd\u00f3w, bo to oni stanowili najliczniejsz\u0105 grup\u0119 wspieran\u0105 przez \u017babi\u0144skich, kt\u00f3rzy po wojnie zostali wyr\u00f3\u017cnieni tytu\u0142em Sprawiedliwych w\u015br\u00f3d Narod\u00f3w \u015awiata. Poznaj\u0105c kilkoro \u017cydowskich bohater\u00f3w, czytelnik mo\u017ce wiele dowiedzie\u0107 si\u0119 o warunkach panuj\u0105cych w getcie, sposobach przemycania \u017byd\u00f3w na \u201earyjsk\u0105 stron\u0119\u201d i tworzeniu im nowych to\u017csamo\u015bci czy szukaniu bezpiecznej kryj\u00f3wki poza miastem. \u00a0 Bibliografia: Rybak, K.,\u00a0Obrazowanie Zag\u0142ady. Narracje holokaustowe w polskiej literaturze XXI wieku dla dzieci i m\u0142odzie\u017cy, Warszawa 2023.<\/p>\n","protected":false},"author":1,"featured_media":0,"parent":0,"menu_order":0,"comment_status":"closed","ping_status":"closed","template":"","meta":[],"_links":{"self":[{"href":"https:\/\/oczamidziecka.al.uw.edu.pl\/index.php\/wp-json\/wp\/v2\/pages\/3173"}],"collection":[{"href":"https:\/\/oczamidziecka.al.uw.edu.pl\/index.php\/wp-json\/wp\/v2\/pages"}],"about":[{"href":"https:\/\/oczamidziecka.al.uw.edu.pl\/index.php\/wp-json\/wp\/v2\/types\/page"}],"author":[{"embeddable":true,"href":"https:\/\/oczamidziecka.al.uw.edu.pl\/index.php\/wp-json\/wp\/v2\/users\/1"}],"replies":[{"embeddable":true,"href":"https:\/\/oczamidziecka.al.uw.edu.pl\/index.php\/wp-json\/wp\/v2\/comments?post=3173"}],"version-history":[{"count":8,"href":"https:\/\/oczamidziecka.al.uw.edu.pl\/index.php\/wp-json\/wp\/v2\/pages\/3173\/revisions"}],"predecessor-version":[{"id":3661,"href":"https:\/\/oczamidziecka.al.uw.edu.pl\/index.php\/wp-json\/wp\/v2\/pages\/3173\/revisions\/3661"}],"wp:attachment":[{"href":"https:\/\/oczamidziecka.al.uw.edu.pl\/index.php\/wp-json\/wp\/v2\/media?parent=3173"}],"curies":[{"name":"wp","href":"https:\/\/api.w.org\/{rel}","templated":true}]}}