{"id":3088,"date":"2021-04-26T13:54:02","date_gmt":"2021-04-26T12:54:02","guid":{"rendered":"https:\/\/oczamidziecka.al.uw.edu.pl\/?page_id=3088"},"modified":"2023-12-06T10:27:32","modified_gmt":"2023-12-06T09:27:32","slug":"ta-potworna-wojna-that-horrible-war","status":"publish","type":"page","link":"https:\/\/oczamidziecka.al.uw.edu.pl\/index.php\/en\/ta-potworna-wojna-that-horrible-war\/","title":{"rendered":"Ta potworna wojna [That Horrible War]"},"content":{"rendered":"\n<div class=\"wp-block-columns has-2-columns\">\n<div class=\"wp-block-column\">\n<h6>Author: Gra\u017cyna B\u0105kiewicz<\/h6>\n\n\n\n<h6>Illustrator: Artur Nowicki<\/h6>\n\n\n\n<h6>Year:&nbsp;2019<\/h6>\n\n\n\n<h6>Publisher: Nasza Ksi\u0119garnia<\/h6>\n\n\n\n<h6>Place of publication: Warszawa<\/h6>\n\n\n\n<h6>Pages:&nbsp;222<\/h6>\n\n\n\n<h6>ISBN:&nbsp;9788310134646<\/h6>\n\n\n\n<h6>Notes: &#8220;Ale historia&#8230;&#8221; series<\/h6>\n<\/div>\n\n\n\n<div class=\"wp-block-column\">\n<div class=\"wp-block-image\"><figure class=\"alignright\"><img loading=\"lazy\" width=\"272\" height=\"380\" src=\"https:\/\/oczamidziecka.al.uw.edu.pl\/wp-content\/uploads\/2021\/04\/ale-historia7-ta-potworna-wojna-1-e1619517696520.png\" alt=\"\" class=\"wp-image-3197\"\/><figcaption>Cover courtesy of the publisher. \u00a9Wydawnictwo &#8220;Nasza Ksi\u0119garnia&#8221;, Warszawa 2019<\/figcaption><\/figure><\/div>\n<\/div>\n<\/div>\n\n\n<p>The history teacher Mr. Cebula is known for his unconventional teaching method: time travel. It is the year 2030, and the teacher regularly sends his students into the past in order for them to experience events from history books first hand. In this volume of the series \u201cAle historia&#8230;,\u201d the characters are transported into the late 1930s. In Germany, they watch the rising totalitarianism and anti-Semitism. Next, they witness the outbreak of the Second World War, the surrender of Warsaw, life under occupation and underground resistance. At one point, Mr. Cebula\u2019s students find themselves in a concentration camp, but manage to escape. Having returned to their own time, the characters evaluate the Second World War and Polish people\u2019s post-war attitudes towards Germans.<\/p>\n<p>Although the novel is focused on the Polish nation\u2019s war experiences, themes of Jewish history and the Holocaust also abound. They include anti-Semitism (both by the Germans and the Poles), the fates of Jewish orphans, vandalizing Jewish businesses as well as establishing ghettos and concentration camps. The book is richly illustrated with comic book panels and other paratexts which give brief overviews of historical events and phenomena, including Adolf Hitler\u2019s statements (\u201cJews are unnecessary and they have to be removed\u201d [31]).<\/p>\n<p>\u00a0<\/p>\n<h6>Bibliography:<\/h6>\n<ul>\n<li>Rybak, K., <a href=\"https:\/\/doi.org\/10.31261\/NoZ.2021.07.09\" target=\"_blank\" rel=\"noopener noreferrer\"><em>Zag\u0142ada i ideologia w polskiej literaturze dzieci\u0119cej XXI wieku<\/em><\/a>, \u201eNarracje o Zag\u0142adzie<span class=\"s2\">\u201d<\/span>, no. 1(7), 2021, pp. 155\u2013173 (p. 168, fn. 61);<\/li>\n<li>Rybak, K.,\u00a0<em>Obrazowanie Zag\u0142ady. Narracje holokaustowe w polskiej literaturze XXI wieku dla dzieci i m\u0142odzie\u017cy<\/em>, Warszawa 2023.<\/li>\n<\/ul>","protected":false},"excerpt":{"rendered":"<p>Author: Gra\u017cyna B\u0105kiewicz Illustrator: Artur Nowicki Year:&nbsp;2019 Publisher: Nasza Ksi\u0119garnia Place of publication: Warszawa Pages:&nbsp;222 ISBN:&nbsp;9788310134646 Notes: &#8220;Ale historia&#8230;&#8221; series The history teacher Mr. Cebula is known for his unconventional teaching method: time travel. It is the year 2030, and the teacher regularly sends his students into the past in order for them to experience events from history books first hand. In this volume of the series \u201cAle historia&#8230;,\u201d the characters are transported into the late 1930s. In Germany, they watch the rising totalitarianism and anti-Semitism. Next, they witness the outbreak of the Second World War, the surrender of Warsaw, life under occupation and underground resistance. At one point, Mr. Cebula\u2019s students find themselves in a concentration camp, but manage to escape. Having returned to their own time, the characters evaluate the Second World War and Polish people\u2019s post-war attitudes towards Germans. Although the novel is focused on the Polish nation\u2019s war experiences, themes of Jewish history and the Holocaust also abound. They include anti-Semitism (both by the Germans and the Poles), the fates of Jewish orphans, vandalizing Jewish businesses as well as establishing ghettos and concentration camps. The book is richly illustrated with comic book panels and other paratexts which give brief overviews of historical events and phenomena, including Adolf Hitler\u2019s statements (\u201cJews are unnecessary and they have to be removed\u201d [31]). \u00a0 Bibliography: Rybak, K., Zag\u0142ada i ideologia w polskiej literaturze dzieci\u0119cej XXI wieku, \u201eNarracje o Zag\u0142adzie\u201d, no. 1(7), 2021, pp. 155\u2013173 (p. 168, fn. 61); Rybak, K.,\u00a0Obrazowanie Zag\u0142ady. Narracje holokaustowe w polskiej literaturze XXI wieku dla dzieci i m\u0142odzie\u017cy, Warszawa 2023.<\/p>\n","protected":false},"author":1,"featured_media":0,"parent":0,"menu_order":0,"comment_status":"closed","ping_status":"closed","template":"","meta":[],"_links":{"self":[{"href":"https:\/\/oczamidziecka.al.uw.edu.pl\/index.php\/wp-json\/wp\/v2\/pages\/3088"}],"collection":[{"href":"https:\/\/oczamidziecka.al.uw.edu.pl\/index.php\/wp-json\/wp\/v2\/pages"}],"about":[{"href":"https:\/\/oczamidziecka.al.uw.edu.pl\/index.php\/wp-json\/wp\/v2\/types\/page"}],"author":[{"embeddable":true,"href":"https:\/\/oczamidziecka.al.uw.edu.pl\/index.php\/wp-json\/wp\/v2\/users\/1"}],"replies":[{"embeddable":true,"href":"https:\/\/oczamidziecka.al.uw.edu.pl\/index.php\/wp-json\/wp\/v2\/comments?post=3088"}],"version-history":[{"count":9,"href":"https:\/\/oczamidziecka.al.uw.edu.pl\/index.php\/wp-json\/wp\/v2\/pages\/3088\/revisions"}],"predecessor-version":[{"id":3650,"href":"https:\/\/oczamidziecka.al.uw.edu.pl\/index.php\/wp-json\/wp\/v2\/pages\/3088\/revisions\/3650"}],"wp:attachment":[{"href":"https:\/\/oczamidziecka.al.uw.edu.pl\/index.php\/wp-json\/wp\/v2\/media?parent=3088"}],"curies":[{"name":"wp","href":"https:\/\/api.w.org\/{rel}","templated":true}]}}