{"id":3086,"date":"2021-04-26T13:53:37","date_gmt":"2021-04-26T12:53:37","guid":{"rendered":"https:\/\/oczamidziecka.al.uw.edu.pl\/?page_id=3086"},"modified":"2023-12-06T10:27:24","modified_gmt":"2023-12-06T09:27:24","slug":"ta-potworna-wojna","status":"publish","type":"page","link":"https:\/\/oczamidziecka.al.uw.edu.pl\/index.php\/ta-potworna-wojna\/","title":{"rendered":"Ta potworna wojna"},"content":{"rendered":"\n<div class=\"wp-block-columns has-2-columns\">\n<div class=\"wp-block-column\">\n<h6>Autor: Gra\u017cyna B\u0105kiewicz<\/h6>\n\n\n\n<h6>Ilustracje: Artur Nowicki<\/h6>\n\n\n\n<h6>Rok wydania: 2019<\/h6>\n\n\n\n<h6>Wydawnictwo: Nasza Ksi\u0119garnia<\/h6>\n\n\n\n<h6>Miejsce wydania: Warszawa<\/h6>\n\n\n\n<h6>Liczba stron:&nbsp;222<\/h6>\n\n\n\n<h6>ISBN:&nbsp;9788310134646<\/h6>\n\n\n\n<h6>Uwagi: Seria &#8220;Ale historia&#8230;&#8221;<\/h6>\n<\/div>\n\n\n\n<div class=\"wp-block-column\">\n<div class=\"wp-block-image\"><figure class=\"alignright\"><img loading=\"lazy\" width=\"272\" height=\"380\" src=\"https:\/\/oczamidziecka.al.uw.edu.pl\/wp-content\/uploads\/2021\/04\/ale-historia7-ta-potworna-wojna-e1619517515485.png\" alt=\"\" class=\"wp-image-3190\"\/><figcaption>Wykorzystanie ok\u0142adki za zgod\u0105 wydawcy. \u00a9Wydawnictwo &#8220;Nasza Ksi\u0119garnia&#8221;, Warszawa 2019<\/figcaption><\/figure><\/div>\n<\/div>\n<\/div>\n\n\n<p>Nauczyciel historii pan Cebula znany jest z niekonwencjonalnej metody dydaktycznej \u2013 podr\u00f3\u017cy w czasie \u2013 a swoich uczni\u00f3w wysy\u0142a do przesz\u0142o\u015bci (akcja utwor\u00f3w z serii \u201eAle historia&#8230;\u201d rozgrywa si\u0119 w roku 2030), by na w\u0142asnej sk\u00f3rze do\u015bwiadczyli wydarze\u0144 opisywanych w podr\u0119cznikach. W tomie <em>Ta potworna wojna<\/em> bohaterowie przenosz\u0105 si\u0119 do ostatnich lat mi\u0119dzywojnia i obserwuj\u0105 rosn\u0105cy w Niemczech totalitaryzm i antysemityzm, a tak\u017ce wybuch drugiej wojny \u015bwiatowej, kapitulacj\u0119 Warszawy, \u017cycie pod okupacj\u0105, dzia\u0142alno\u015b\u0107 konspiracyjn\u0105. Uczniowie trafiaj\u0105 te\u017c do obozu koncentracyjnego, z kt\u00f3rego udaje im si\u0119 uciec. Po powrocie do tera\u017aniejszo\u015bci bohaterowie dokonuj\u0105 oceny drugiej wojny \u015bwiatowej i powojennego stosunku Polak\u00f3w do Niemc\u00f3w.<\/p>\n<p>Cho\u0107 powie\u015b\u0107 skupia si\u0119 na wojennych do\u015bwiadczeniach narodu polskiego, przepe\u0142niona jest r\u00f3wnie\u017c informacjami dotycz\u0105cymi losu \u017byd\u00f3w i Zag\u0142ady. Wa\u017cnymi w\u0105tkami jest antysemityzm (zar\u00f3wno niemiecki, jak i polski), los \u017cydowskich sierot, niszczenie sklep\u00f3w, tworzenie gett oraz oboz\u00f3w \u015bmierci. Ksi\u0105\u017ca jest bogato ilustrowana planszami komiksowymi i innymi paratekstami skr\u00f3towo prezentuj\u0105cymi wydarzenia i zjawiska z przesz\u0142o\u015bci, w tym my\u015bli Adolfa Hitlera (\u201e\u017bydzi s\u0105 niepotrzebni i trzeba si\u0119 ich pozby\u0107\u201d [31]).<\/p>\n<p>\u00a0<\/p>\n<h6>Bibliografia:<\/h6>\n<ul>\n<li>Rybak, K., <a href=\"https:\/\/doi.org\/10.31261\/NoZ.2021.07.09\" target=\"_blank\" rel=\"noopener noreferrer\"><em>Zag\u0142ada i ideologia w polskiej literaturze dzieci\u0119cej XXI wieku<\/em><\/a>, \u201eNarracje o Zag\u0142adzie<span class=\"s2\">\u201d<\/span>, nr 1(7), 2021, s. 155\u2013173 (s. 168, przyp. 61);<\/li>\n<li>Rybak, K.,\u00a0<em>Obrazowanie Zag\u0142ady. Narracje holokaustowe w polskiej literaturze XXI wieku dla dzieci i m\u0142odzie\u017cy<\/em>, Warszawa 2023.<\/li>\n<\/ul>","protected":false},"excerpt":{"rendered":"<p>Autor: Gra\u017cyna B\u0105kiewicz Ilustracje: Artur Nowicki Rok wydania: 2019 Wydawnictwo: Nasza Ksi\u0119garnia Miejsce wydania: Warszawa Liczba stron:&nbsp;222 ISBN:&nbsp;9788310134646 Uwagi: Seria &#8220;Ale historia&#8230;&#8221; Nauczyciel historii pan Cebula znany jest z niekonwencjonalnej metody dydaktycznej \u2013 podr\u00f3\u017cy w czasie \u2013 a swoich uczni\u00f3w wysy\u0142a do przesz\u0142o\u015bci (akcja utwor\u00f3w z serii \u201eAle historia&#8230;\u201d rozgrywa si\u0119 w roku 2030), by na w\u0142asnej sk\u00f3rze do\u015bwiadczyli wydarze\u0144 opisywanych w podr\u0119cznikach. W tomie Ta potworna wojna bohaterowie przenosz\u0105 si\u0119 do ostatnich lat mi\u0119dzywojnia i obserwuj\u0105 rosn\u0105cy w Niemczech totalitaryzm i antysemityzm, a tak\u017ce wybuch drugiej wojny \u015bwiatowej, kapitulacj\u0119 Warszawy, \u017cycie pod okupacj\u0105, dzia\u0142alno\u015b\u0107 konspiracyjn\u0105. Uczniowie trafiaj\u0105 te\u017c do obozu koncentracyjnego, z kt\u00f3rego udaje im si\u0119 uciec. Po powrocie do tera\u017aniejszo\u015bci bohaterowie dokonuj\u0105 oceny drugiej wojny \u015bwiatowej i powojennego stosunku Polak\u00f3w do Niemc\u00f3w. Cho\u0107 powie\u015b\u0107 skupia si\u0119 na wojennych do\u015bwiadczeniach narodu polskiego, przepe\u0142niona jest r\u00f3wnie\u017c informacjami dotycz\u0105cymi losu \u017byd\u00f3w i Zag\u0142ady. Wa\u017cnymi w\u0105tkami jest antysemityzm (zar\u00f3wno niemiecki, jak i polski), los \u017cydowskich sierot, niszczenie sklep\u00f3w, tworzenie gett oraz oboz\u00f3w \u015bmierci. Ksi\u0105\u017ca jest bogato ilustrowana planszami komiksowymi i innymi paratekstami skr\u00f3towo prezentuj\u0105cymi wydarzenia i zjawiska z przesz\u0142o\u015bci, w tym my\u015bli Adolfa Hitlera (\u201e\u017bydzi s\u0105 niepotrzebni i trzeba si\u0119 ich pozby\u0107\u201d [31]). \u00a0 Bibliografia: Rybak, K., Zag\u0142ada i ideologia w polskiej literaturze dzieci\u0119cej XXI wieku, \u201eNarracje o Zag\u0142adzie\u201d, nr 1(7), 2021, s. 155\u2013173 (s. 168, przyp. 61); Rybak, K.,\u00a0Obrazowanie Zag\u0142ady. Narracje holokaustowe w polskiej literaturze XXI wieku dla dzieci i m\u0142odzie\u017cy, Warszawa 2023.<\/p>\n","protected":false},"author":1,"featured_media":0,"parent":0,"menu_order":0,"comment_status":"closed","ping_status":"closed","template":"","meta":[],"_links":{"self":[{"href":"https:\/\/oczamidziecka.al.uw.edu.pl\/index.php\/wp-json\/wp\/v2\/pages\/3086"}],"collection":[{"href":"https:\/\/oczamidziecka.al.uw.edu.pl\/index.php\/wp-json\/wp\/v2\/pages"}],"about":[{"href":"https:\/\/oczamidziecka.al.uw.edu.pl\/index.php\/wp-json\/wp\/v2\/types\/page"}],"author":[{"embeddable":true,"href":"https:\/\/oczamidziecka.al.uw.edu.pl\/index.php\/wp-json\/wp\/v2\/users\/1"}],"replies":[{"embeddable":true,"href":"https:\/\/oczamidziecka.al.uw.edu.pl\/index.php\/wp-json\/wp\/v2\/comments?post=3086"}],"version-history":[{"count":11,"href":"https:\/\/oczamidziecka.al.uw.edu.pl\/index.php\/wp-json\/wp\/v2\/pages\/3086\/revisions"}],"predecessor-version":[{"id":3649,"href":"https:\/\/oczamidziecka.al.uw.edu.pl\/index.php\/wp-json\/wp\/v2\/pages\/3086\/revisions\/3649"}],"wp:attachment":[{"href":"https:\/\/oczamidziecka.al.uw.edu.pl\/index.php\/wp-json\/wp\/v2\/media?parent=3086"}],"curies":[{"name":"wp","href":"https:\/\/api.w.org\/{rel}","templated":true}]}}