{"id":3067,"date":"2021-04-26T13:06:56","date_gmt":"2021-04-26T12:06:56","guid":{"rendered":"https:\/\/oczamidziecka.al.uw.edu.pl\/?page_id=3067"},"modified":"2023-12-06T10:19:04","modified_gmt":"2023-12-06T09:19:04","slug":"mama-zawsze-wraca","status":"publish","type":"page","link":"https:\/\/oczamidziecka.al.uw.edu.pl\/index.php\/mama-zawsze-wraca\/","title":{"rendered":"Mama zawsze wraca"},"content":{"rendered":"\n<div class=\"wp-block-columns has-2-columns\">\n<div class=\"wp-block-column\">\n<h6>Autor: Agata Tuszy\u0144ska<\/h6>\n\n\n\n<h6>Ilustracje:&nbsp;Iwona Chmielewska<\/h6>\n\n\n\n<h6>Rok wydania: 2020<\/h6>\n\n\n\n<h6>Wydawnictwo: Dwie Siostry<\/h6>\n\n\n\n<h6>Miejsce wydania: Warszawa<\/h6>\n\n\n\n<h6>Liczba stron: 57<\/h6>\n\n\n\n<h6>ISBN:&nbsp;9788381501286<\/h6>\n\n\n\n<p><\/p>\n<\/div>\n\n\n\n<div class=\"wp-block-column\">\n<figure class=\"wp-block-gallery alignright columns-1 is-cropped\"><ul class=\"blocks-gallery-grid\"><li class=\"blocks-gallery-item\"><figure><img loading=\"lazy\" width=\"747\" height=\"1024\" src=\"https:\/\/oczamidziecka.al.uw.edu.pl\/wp-content\/uploads\/2021\/04\/mama_zawsze_wraca_opaska-747x1024.jpg\" alt=\"\" data-id=\"3104\" data-link=\"https:\/\/oczamidziecka.al.uw.edu.pl\/index.php\/mama-zawsze-wraca\/mama_zawsze_wraca_opaska\/\" class=\"wp-image-3104\" srcset=\"https:\/\/oczamidziecka.al.uw.edu.pl\/wp-content\/uploads\/2021\/04\/mama_zawsze_wraca_opaska-747x1024.jpg 747w, https:\/\/oczamidziecka.al.uw.edu.pl\/wp-content\/uploads\/2021\/04\/mama_zawsze_wraca_opaska-219x300.jpg 219w, https:\/\/oczamidziecka.al.uw.edu.pl\/wp-content\/uploads\/2021\/04\/mama_zawsze_wraca_opaska-768x1052.jpg 768w, https:\/\/oczamidziecka.al.uw.edu.pl\/wp-content\/uploads\/2021\/04\/mama_zawsze_wraca_opaska-1140x1562.jpg 1140w\" sizes=\"(max-width: 747px) 100vw, 747px\" \/><figcaption class=\"blocks-gallery-item__caption\">Wykorzystanie ok\u0142adki za zgod\u0105 wydawcy. \u00a9Wydawnictwo Dwie Siostry sp. z o.o., Warszawa 2020<\/figcaption><\/figure><\/li><li class=\"blocks-gallery-item\"><figure><img loading=\"lazy\" width=\"747\" height=\"1024\" src=\"https:\/\/oczamidziecka.al.uw.edu.pl\/wp-content\/uploads\/2021\/04\/mama_zawsze_wraca-747x1024.jpg\" alt=\"\" data-id=\"3105\" data-link=\"https:\/\/oczamidziecka.al.uw.edu.pl\/index.php\/mama-zawsze-wraca\/mama_zawsze_wraca\/\" class=\"wp-image-3105\" srcset=\"https:\/\/oczamidziecka.al.uw.edu.pl\/wp-content\/uploads\/2021\/04\/mama_zawsze_wraca-747x1024.jpg 747w, https:\/\/oczamidziecka.al.uw.edu.pl\/wp-content\/uploads\/2021\/04\/mama_zawsze_wraca-219x300.jpg 219w, https:\/\/oczamidziecka.al.uw.edu.pl\/wp-content\/uploads\/2021\/04\/mama_zawsze_wraca-768x1052.jpg 768w, https:\/\/oczamidziecka.al.uw.edu.pl\/wp-content\/uploads\/2021\/04\/mama_zawsze_wraca-1140x1562.jpg 1140w\" sizes=\"(max-width: 747px) 100vw, 747px\" \/><figcaption class=\"blocks-gallery-item__caption\">Wykorzystanie ok\u0142adki za zgod\u0105 wydawcy. \u00a9Wydawnictwo Dwie Siostry sp. z o.o., Warszawa 2020<\/figcaption><\/figure><\/li><\/ul><\/figure>\n<\/div>\n<\/div>\n\n\n<p>Ksi\u0105\u017cka obrazkowa Tuszy\u0144skiej i Chmielewskiej bazuje na relacji urodzonej w 1939 roku Zosi Zajczyk (Jael Rosner), kt\u00f3ra jako kilkuletnia \u017byd\u00f3wka zosta\u0142a ukryta przez mam\u0119 w piwnicy na terenie <a href=\"https:\/\/sztetl.org.pl\/pl\/miejscowosci\/w\/18-warszawa\/116-miejsca-martyrologii\/52389-getto-w-warszawie\" target=\"_blank\" rel=\"noopener noreferrer\">warszawskiego getta<\/a>. Tam, odci\u0119ta od otaczaj\u0105cej rzeczywisto\u015bci, obserwowanej wy\u0142\u0105cznie przez niewielkie okno, sp\u0119dza\u0142a dni w towarzystwie swojej ukochanej lalki. Regularne odwiedziny mamy by\u0142y czasem nauki i poznawania \u015bwiata dzi\u0119ki przyniesionym przez ni\u0105 przedmiotom, takim jak bazie czy kasztany. W pewnym momencie dziewczynka zostaje wyniesiona z getta i umieszczona u kobiety poza Warszaw\u0105, gdzie udaje jej si\u0119 przetrwa\u0107 wojn\u0119. Powojenne losy Zosi to podr\u00f3\u017c do Izraela i pr\u00f3ba rozpocz\u0119cia nowego \u017cycia w cieniu zwi\u0105zanej z do\u015bwiadczeniem Zag\u0142ady traumy.<\/p>\n<p><em>Mama zawsze wraca<\/em> to ksi\u0105\u017cka obrazkowa przeznaczona dla doros\u0142ych i m\u0142odzie\u017cy powy\u017cej 15. roku \u017cycia. Pierwszoosobowa narracja rekonstruuje do\u015bwiadczenia kilkuletniej dziewczynki, z perspektywy kt\u00f3rej ukazana zostaje codzienno\u015b\u0107 sp\u0119dzona w kryj\u00f3wce. Wa\u017cnym w\u0105tkiem jest r\u00f3wnie\u017c powojenna podr\u00f3\u017c do Izraela i pr\u00f3ba budowy nowego \u017cycia. Tekst g\u0142\u00f3wny uzupe\u0142nia pos\u0142owie Tuszy\u0144skiej wprowadzaj\u0105ce w proces powstania ksi\u0105\u017cki, a integraln\u0105 cz\u0119\u015bci\u0105 publikacji jest papierowa \u201eopaska\u201d \u2013 przypominaj\u0105ca <a href=\"https:\/\/sztetl.org.pl\/pl\/slownik\/opaski-zydowskie\" target=\"_blank\" rel=\"noopener noreferrer\">opask\u0119 z gwiazd\u0105 Dawida<\/a> \u2013 z kwiatowym motywem inspirowanym sukienk\u0105 lalki Zosi.<\/p>\n<p>\u00a0<\/p>\n<h6>Bibliografia:<\/h6>\n<ul>\n<li><span class=\"s1\">Kwiatkowska, A., <a href=\"https:\/\/doi.org\/10.14746\/pi.2021.13.7\" target=\"_blank\" rel=\"noopener noreferrer\"><i>Motyw szycia i haftu w najnowszej polskiej literaturze dla dzieci dotycz\u0105cej Zag\u0142ady<\/i><\/a>, \u201ePolonistyka. Innowacje\u201d, nr 13, 2021, s. 55\u201365;<\/span><\/li>\n<li><span class=\"s1\">Kwiatkowska, A., <a href=\"https:\/\/doi.org\/10.14746\/por.2021.1.6\" target=\"_blank\" rel=\"noopener noreferrer\"><i>Jak narysowa\u0107 pami\u0119\u0107? Zag\u0142ada w polskich ilustrowanych ksi\u0105\u017ckach dla dzieci<\/i><\/a>, \u201ePor\u00f3wnania\u201d, nr 1, 2021, s. 123\u2013140;<\/span><\/li>\n<li>Rybak, K., <a href=\"https:\/\/doi.org\/10.31261\/NoZ.2021.07.09\" target=\"_blank\" rel=\"noopener noreferrer\"><em>Zag\u0142ada i ideologia w polskiej literaturze dzieci\u0119cej XXI wieku<\/em><\/a>, \u201eNarracje o Zag\u0142adzie<span class=\"s2\">\u201d<\/span>, nr 1(7), 2021, s. 155\u2013173 (s. 159);<\/li>\n<li>Rybak, K.,\u00a0<em>Obrazowanie Zag\u0142ady. Narracje holokaustowe w polskiej literaturze XXI wieku dla dzieci i m\u0142odzie\u017cy<\/em>, Warszawa 2023.<\/li>\n<\/ul>","protected":false},"excerpt":{"rendered":"<p>Autor: Agata Tuszy\u0144ska Ilustracje:&nbsp;Iwona Chmielewska Rok wydania: 2020 Wydawnictwo: Dwie Siostry Miejsce wydania: Warszawa Liczba stron: 57 ISBN:&nbsp;9788381501286 Ksi\u0105\u017cka obrazkowa Tuszy\u0144skiej i Chmielewskiej bazuje na relacji urodzonej w 1939 roku Zosi Zajczyk (Jael Rosner), kt\u00f3ra jako kilkuletnia \u017byd\u00f3wka zosta\u0142a ukryta przez mam\u0119 w piwnicy na terenie warszawskiego getta. Tam, odci\u0119ta od otaczaj\u0105cej rzeczywisto\u015bci, obserwowanej wy\u0142\u0105cznie przez niewielkie okno, sp\u0119dza\u0142a dni w towarzystwie swojej ukochanej lalki. Regularne odwiedziny mamy by\u0142y czasem nauki i poznawania \u015bwiata dzi\u0119ki przyniesionym przez ni\u0105 przedmiotom, takim jak bazie czy kasztany. W pewnym momencie dziewczynka zostaje wyniesiona z getta i umieszczona u kobiety poza Warszaw\u0105, gdzie udaje jej si\u0119 przetrwa\u0107 wojn\u0119. Powojenne losy Zosi to podr\u00f3\u017c do Izraela i pr\u00f3ba rozpocz\u0119cia nowego \u017cycia w cieniu zwi\u0105zanej z do\u015bwiadczeniem Zag\u0142ady traumy. Mama zawsze wraca to ksi\u0105\u017cka obrazkowa przeznaczona dla doros\u0142ych i m\u0142odzie\u017cy powy\u017cej 15. roku \u017cycia. Pierwszoosobowa narracja rekonstruuje do\u015bwiadczenia kilkuletniej dziewczynki, z perspektywy kt\u00f3rej ukazana zostaje codzienno\u015b\u0107 sp\u0119dzona w kryj\u00f3wce. Wa\u017cnym w\u0105tkiem jest r\u00f3wnie\u017c powojenna podr\u00f3\u017c do Izraela i pr\u00f3ba budowy nowego \u017cycia. Tekst g\u0142\u00f3wny uzupe\u0142nia pos\u0142owie Tuszy\u0144skiej wprowadzaj\u0105ce w proces powstania ksi\u0105\u017cki, a integraln\u0105 cz\u0119\u015bci\u0105 publikacji jest papierowa \u201eopaska\u201d \u2013 przypominaj\u0105ca opask\u0119 z gwiazd\u0105 Dawida \u2013 z kwiatowym motywem inspirowanym sukienk\u0105 lalki Zosi. \u00a0 Bibliografia: Kwiatkowska, A., Motyw szycia i haftu w najnowszej polskiej literaturze dla dzieci dotycz\u0105cej Zag\u0142ady, \u201ePolonistyka. Innowacje\u201d, nr 13, 2021, s. 55\u201365; Kwiatkowska, A., Jak narysowa\u0107 pami\u0119\u0107? Zag\u0142ada w polskich ilustrowanych ksi\u0105\u017ckach dla dzieci, \u201ePor\u00f3wnania\u201d, nr 1, 2021, s. 123\u2013140; Rybak, K., Zag\u0142ada i ideologia w polskiej literaturze dzieci\u0119cej XXI wieku, \u201eNarracje o Zag\u0142adzie\u201d, nr 1(7), 2021, s. 155\u2013173 (s. 159); Rybak, K.,\u00a0Obrazowanie Zag\u0142ady. Narracje holokaustowe w polskiej literaturze XXI wieku dla dzieci i m\u0142odzie\u017cy, Warszawa 2023.<\/p>\n","protected":false},"author":1,"featured_media":0,"parent":0,"menu_order":0,"comment_status":"closed","ping_status":"closed","template":"","meta":[],"_links":{"self":[{"href":"https:\/\/oczamidziecka.al.uw.edu.pl\/index.php\/wp-json\/wp\/v2\/pages\/3067"}],"collection":[{"href":"https:\/\/oczamidziecka.al.uw.edu.pl\/index.php\/wp-json\/wp\/v2\/pages"}],"about":[{"href":"https:\/\/oczamidziecka.al.uw.edu.pl\/index.php\/wp-json\/wp\/v2\/types\/page"}],"author":[{"embeddable":true,"href":"https:\/\/oczamidziecka.al.uw.edu.pl\/index.php\/wp-json\/wp\/v2\/users\/1"}],"replies":[{"embeddable":true,"href":"https:\/\/oczamidziecka.al.uw.edu.pl\/index.php\/wp-json\/wp\/v2\/comments?post=3067"}],"version-history":[{"count":12,"href":"https:\/\/oczamidziecka.al.uw.edu.pl\/index.php\/wp-json\/wp\/v2\/pages\/3067\/revisions"}],"predecessor-version":[{"id":3620,"href":"https:\/\/oczamidziecka.al.uw.edu.pl\/index.php\/wp-json\/wp\/v2\/pages\/3067\/revisions\/3620"}],"wp:attachment":[{"href":"https:\/\/oczamidziecka.al.uw.edu.pl\/index.php\/wp-json\/wp\/v2\/media?parent=3067"}],"curies":[{"name":"wp","href":"https:\/\/api.w.org\/{rel}","templated":true}]}}