{"id":2831,"date":"2021-04-24T14:18:15","date_gmt":"2021-04-24T13:18:15","guid":{"rendered":"https:\/\/oczamidziecka.al.uw.edu.pl\/?page_id=2831"},"modified":"2021-04-25T13:09:45","modified_gmt":"2021-04-25T12:09:45","slug":"darowane-kreski","status":"publish","type":"page","link":"https:\/\/oczamidziecka.al.uw.edu.pl\/index.php\/darowane-kreski\/","title":{"rendered":"Darowane kreski"},"content":{"rendered":"\n<div class=\"wp-block-columns has-2-columns\">\n<div class=\"wp-block-column\">\n<h6>Autor: Joanna Papuzi\u0144ska<\/h6>\n\n\n\n<h6>Rok wydania: 1994<\/h6>\n\n\n\n<h6>Wydawnictwo: Atena<\/h6>\n\n\n\n<h6>Miejsce wydania: Warszawa<\/h6>\n\n\n\n<h6>Liczba stron: 111<\/h6>\n\n\n\n<h6>ISBN: 8385894004<\/h6>\n\n\n\n<h6 style=\"text-align:left\">Uwagi: Drugie wydanie w roku 2002 (J. Papuzi\u0144ska,&nbsp;<em>Darowane kreski<\/em>, \u0141\u00f3d\u017a: Literatura, 2002, s. 151, ISBN:&nbsp;8388484672), trzecie wydanie (rozszerzone) w opracowaniu graficznym Magdaleny Pilch i z ilustracjami Szymona Kobyli\u0144skiego w roku 2019 (J. Papuzi\u0144ska,&nbsp;<em>Darowane kreski<\/em>, \u0141\u00f3d\u017a: Literatura, 2019, s. 223, ISBN:&nbsp;9788376727196).<\/h6>\n<\/div>\n\n\n\n<div class=\"wp-block-column\">\n<p><\/p>\n<\/div>\n<\/div>\n\n\n<p>Wspomnienia Joanny Papuzi\u0144skiej, kt\u00f3re sta\u0142y si\u0119 podstaw\u0105 dla wydanych p\u00f3\u017aniej ksi\u0105\u017cek dla dzieci, takich jak <em>Asiunia<\/em> (2011), <em>M\u00f3j tato szcz\u0119\u015bciarz<\/em> (2013) i <em>Krasnale i olbrzymy<\/em> (2015). Pami\u0119\u0107 autorki si\u0119ga do czas\u00f3w drugiej wojny \u015bwiatowej, kt\u00f3re zostaj\u0105 przedstawione nie tylko jako okres dramatyczny, zw\u0142aszcza dla doros\u0142ych cz\u0142onk\u00f3w rodziny, ale te\u017c niepozbawiony sytuacji komicznych i humoru, zrodzonego z dzieci\u0119cej perspektywy ma\u0142ej Papuzi\u0144skiej.<\/p>\n<p>W <em>Darowanych kreskach<\/em> wyra\u017cone wprost wspomnienie Zag\u0142ady \u017byd\u00f3w pojawia si\u0119 tylko raz, gdy matka bierze kilkuletni\u0105 Joann\u0119 na r\u0119ce i pokazuje jej czerwone niebo nad Warszaw\u0105: \u201epowiedzia\u0142a \u00abPami\u0119taj\u00bb albo \u00abPatrz \u2013 to Niemcy pal\u0105 <a href=\"https:\/\/sztetl.org.pl\/pl\/slownik\/powstanie-w-getcie-warszawskim\" target=\"_blank\" rel=\"noopener noreferrer\">getto<\/a>\u00bb\u201d [6]. W tek\u015bcie znale\u017a\u0107 mo\u017cna te\u017c opisy po\u015brednio wskazuj\u0105ce na aktywn\u0105 pomoc rodziny Papuzi\u0144skich niesion\u0105 \u017bydom: w ich domu cz\u0119sto przebywali ludzie potrzebuj\u0105cy wsparcia; \u201er\u00f3\u017cne ciocie\u201d, kt\u00f3re \u201ezasiedzia\u0142y si\u0119 na d\u0142u\u017cej i zamieszka\u0142y w ma\u0142ym pokoiku w g\u0142\u0119bi mieszkania\u201d, a do tego by\u0142y \u201ebardzo cichutkie, bardzo ostro\u017cne\u201d [7]. Babcia Papuzi\u0144skiej okre\u015bli\u0142a ich obecno\u015b\u0107 jako \u201elekkomy\u015blno\u015b\u0107\u201d [7] ze strony rodziny. W domu pojawia\u0142y si\u0119 te\u017c dzieci, kt\u00f3re \u201er\u00f3wnie\u017c si\u0119 zasiedzia\u0142y nieraz na d\u0142u\u017cej\u201d [7]. Mo\u017cna domy\u015bla\u0107 si\u0119, \u017ce chodzi o ukrywanie \u017byd\u00f3w, czego potwierdzenie daj\u0105 r\u00f3wnie\u017c fragmenty trzeciego wydania (\u201eWst\u0119p\u201d i \u201ePo latach\u201d), w kt\u00f3rych autorka pisze o otrzymaniu przez jej rodzic\u00f3w medalu <a href=\"https:\/\/sztetl.org.pl\/pl\/slownik\/sprawiedliwi-wsrod-narodow-swiata\" target=\"_blank\" rel=\"noopener noreferrer\">Sprawiedliwych w\u015br\u00f3d Narod\u00f3w \u015awiata<\/a>.<\/p>","protected":false},"excerpt":{"rendered":"<p>Autor: Joanna Papuzi\u0144ska Rok wydania: 1994 Wydawnictwo: Atena Miejsce wydania: Warszawa Liczba stron: 111 ISBN: 8385894004 Uwagi: Drugie wydanie w roku 2002 (J. Papuzi\u0144ska,&nbsp;Darowane kreski, \u0141\u00f3d\u017a: Literatura, 2002, s. 151, ISBN:&nbsp;8388484672), trzecie wydanie (rozszerzone) w opracowaniu graficznym Magdaleny Pilch i z ilustracjami Szymona Kobyli\u0144skiego w roku 2019 (J. Papuzi\u0144ska,&nbsp;Darowane kreski, \u0141\u00f3d\u017a: Literatura, 2019, s. 223, ISBN:&nbsp;9788376727196). Wspomnienia Joanny Papuzi\u0144skiej, kt\u00f3re sta\u0142y si\u0119 podstaw\u0105 dla wydanych p\u00f3\u017aniej ksi\u0105\u017cek dla dzieci, takich jak Asiunia (2011), M\u00f3j tato szcz\u0119\u015bciarz (2013) i Krasnale i olbrzymy (2015). Pami\u0119\u0107 autorki si\u0119ga do czas\u00f3w drugiej wojny \u015bwiatowej, kt\u00f3re zostaj\u0105 przedstawione nie tylko jako okres dramatyczny, zw\u0142aszcza dla doros\u0142ych cz\u0142onk\u00f3w rodziny, ale te\u017c niepozbawiony sytuacji komicznych i humoru, zrodzonego z dzieci\u0119cej perspektywy ma\u0142ej Papuzi\u0144skiej. W Darowanych kreskach wyra\u017cone wprost wspomnienie Zag\u0142ady \u017byd\u00f3w pojawia si\u0119 tylko raz, gdy matka bierze kilkuletni\u0105 Joann\u0119 na r\u0119ce i pokazuje jej czerwone niebo nad Warszaw\u0105: \u201epowiedzia\u0142a \u00abPami\u0119taj\u00bb albo \u00abPatrz \u2013 to Niemcy pal\u0105 getto\u00bb\u201d [6]. W tek\u015bcie znale\u017a\u0107 mo\u017cna te\u017c opisy po\u015brednio wskazuj\u0105ce na aktywn\u0105 pomoc rodziny Papuzi\u0144skich niesion\u0105 \u017bydom: w ich domu cz\u0119sto przebywali ludzie potrzebuj\u0105cy wsparcia; \u201er\u00f3\u017cne ciocie\u201d, kt\u00f3re \u201ezasiedzia\u0142y si\u0119 na d\u0142u\u017cej i zamieszka\u0142y w ma\u0142ym pokoiku w g\u0142\u0119bi mieszkania\u201d, a do tego by\u0142y \u201ebardzo cichutkie, bardzo ostro\u017cne\u201d [7]. Babcia Papuzi\u0144skiej okre\u015bli\u0142a ich obecno\u015b\u0107 jako \u201elekkomy\u015blno\u015b\u0107\u201d [7] ze strony rodziny. W domu pojawia\u0142y si\u0119 te\u017c dzieci, kt\u00f3re \u201er\u00f3wnie\u017c si\u0119 zasiedzia\u0142y nieraz na d\u0142u\u017cej\u201d [7]. Mo\u017cna domy\u015bla\u0107 si\u0119, \u017ce chodzi o ukrywanie \u017byd\u00f3w, czego potwierdzenie daj\u0105 r\u00f3wnie\u017c fragmenty trzeciego wydania (\u201eWst\u0119p\u201d i \u201ePo latach\u201d), w kt\u00f3rych autorka pisze o otrzymaniu przez jej rodzic\u00f3w medalu Sprawiedliwych w\u015br\u00f3d Narod\u00f3w \u015awiata.<\/p>\n","protected":false},"author":1,"featured_media":0,"parent":0,"menu_order":0,"comment_status":"closed","ping_status":"closed","template":"","meta":[],"_links":{"self":[{"href":"https:\/\/oczamidziecka.al.uw.edu.pl\/index.php\/wp-json\/wp\/v2\/pages\/2831"}],"collection":[{"href":"https:\/\/oczamidziecka.al.uw.edu.pl\/index.php\/wp-json\/wp\/v2\/pages"}],"about":[{"href":"https:\/\/oczamidziecka.al.uw.edu.pl\/index.php\/wp-json\/wp\/v2\/types\/page"}],"author":[{"embeddable":true,"href":"https:\/\/oczamidziecka.al.uw.edu.pl\/index.php\/wp-json\/wp\/v2\/users\/1"}],"replies":[{"embeddable":true,"href":"https:\/\/oczamidziecka.al.uw.edu.pl\/index.php\/wp-json\/wp\/v2\/comments?post=2831"}],"version-history":[{"count":7,"href":"https:\/\/oczamidziecka.al.uw.edu.pl\/index.php\/wp-json\/wp\/v2\/pages\/2831\/revisions"}],"predecessor-version":[{"id":2896,"href":"https:\/\/oczamidziecka.al.uw.edu.pl\/index.php\/wp-json\/wp\/v2\/pages\/2831\/revisions\/2896"}],"wp:attachment":[{"href":"https:\/\/oczamidziecka.al.uw.edu.pl\/index.php\/wp-json\/wp\/v2\/media?parent=2831"}],"curies":[{"name":"wp","href":"https:\/\/api.w.org\/{rel}","templated":true}]}}