{"id":2646,"date":"2020-02-07T15:54:29","date_gmt":"2020-02-07T14:54:29","guid":{"rendered":"https:\/\/oczamidziecka.al.uw.edu.pl\/?page_id=2646"},"modified":"2023-12-06T10:25:25","modified_gmt":"2023-12-06T09:25:25","slug":"powieki-eyelids","status":"publish","type":"page","link":"https:\/\/oczamidziecka.al.uw.edu.pl\/index.php\/en\/powieki-eyelids\/","title":{"rendered":"Powieki. Bajka dedykowana pami\u0119ci Janusza Korczaka [Eyelids: A Tale Dedicated to the Memory of Janusz Korczak]"},"content":{"rendered":"\n<div class=\"wp-block-columns has-2-columns\">\n<div class=\"wp-block-column\">\n<h6>Author: Micha\u0142 Rusinek<\/h6>\n\n\n\n<h6>Illustrator: Ola Cie\u015blak<\/h6>\n\n\n\n<h6>Year: 2012<\/h6>\n\n\n\n<h6>Publisher: Opera i Filharmonia Podlaska \u2013 Europejskie Centrum Sztuki w Bia\u0142ymstoku<\/h6>\n\n\n\n<h6>Place of publication: Bia\u0142ystok<\/h6>\n\n\n\n<h6>Pages: 12<\/h6>\n\n\n\n<h6>ISBN: 9788363806019<\/h6>\n\n\n\n<h6>Notes: Published in a joint case with the &#8220;Korczak&#8221; musical playbill (eds. Joanna Gdowska, Tadeusz P\u0142atek, Bia\u0142ystok: Opera i Filharmonia Podlaska \u2013 Europejskie Centrum Sztuki w Bia\u0142ymstoku 2012, pp. 75, ISBN: 9788353806002).  <\/h6>\n<\/div>\n\n\n\n<div class=\"wp-block-column\"><\/div>\n<\/div>\n\n\n\n<p>The protagonists of this short story, set in an unidentified time and place, are grey field mice, whose mundane, arduous existence is one day interrupted by a strange smell. One mouse, \u201cmore mousy than grey\u201d decides to climb a nearby hill, which allows it to see fire and a mass of dark smoke in the distance. Because there is nowhere to run, the mouse encourages its frightened companions to lie down on the ground calmly and watch the clouds glide through the sky. This view will stay under their eyelids forever.<\/p>\n\n\n\n<p>Although the text never mentions the Shoah explicitly, such an interpretation is suggested by the subtitle \u201cA tale dedicated to the memory of Janusz Korczak\u201d and the star of David interwoven into one illustration. Moreover, the book was published as an addition to the playbill for the musical <em>Korczak<\/em> with music by Chris Williams and libretto by Nick Stimson, directed by Roberto Skolmowski and staged in Poland at the <a href=\"https:\/\/www.oifp.eu\/?lang=en\" target=\"_blank\" rel=\"noreferrer noopener\" aria-label=\"Podlasie Opera and Philharmonic (opens in a new tab)\">Podlasie Opera and Philharmonic<\/a> in 2012, which again puts it in the context of the life and death of Janusz Korczak.<\/p>\n\n\n\n<h6>Bibliography:<\/h6>\n\n\n\n<ul><li>Rybak, K.,\u00a0<em>Obrazowanie Zag\u0142ady. Narracje holokaustowe w polskiej literaturze XXI wieku dla dzieci i m\u0142odzie\u017cy<\/em>, Warszawa 2023;<\/li><li>W\u00f3jcik-Dudek, M.,\u00a0<em>W(y)czyta\u0107 Zag\u0142ad\u0119. Praktyki postpami\u0119ci w polskiej literaturze XXI wieku dla dzieci i m\u0142odzie\u017cy<\/em>, Katowice 2016 (p. 121 fn. 48).<\/li><\/ul>\n","protected":false},"excerpt":{"rendered":"<p>Author: Micha\u0142 Rusinek Illustrator: Ola Cie\u015blak Year: 2012 Publisher: Opera i Filharmonia Podlaska \u2013 Europejskie Centrum Sztuki w Bia\u0142ymstoku Place of publication: Bia\u0142ystok Pages: 12 ISBN: 9788363806019 Notes: Published in a joint case with the &#8220;Korczak&#8221; musical playbill (eds. Joanna Gdowska, Tadeusz P\u0142atek, Bia\u0142ystok: Opera i Filharmonia Podlaska \u2013 Europejskie Centrum Sztuki w Bia\u0142ymstoku 2012, pp. 75, ISBN: 9788353806002). The protagonists of this short story, set in an unidentified time and place, are grey field mice, whose mundane, arduous existence is one day interrupted by a strange smell. One mouse, \u201cmore mousy than grey\u201d decides to climb a nearby hill, which allows it to see fire and a mass of dark smoke in the distance. Because there is nowhere to run, the mouse encourages its frightened companions to lie down on the ground calmly and watch the clouds glide through the sky. This view will stay under their eyelids forever. Although the text never mentions the Shoah explicitly, such an interpretation is suggested by the subtitle \u201cA tale dedicated to the memory of Janusz Korczak\u201d and the star of David interwoven into one illustration. Moreover, the book was published as an addition to the playbill for the musical Korczak with music by Chris Williams and libretto by Nick Stimson, directed by Roberto Skolmowski and staged in Poland at the Podlasie Opera and Philharmonic in 2012, which again puts it in the context of the life and death of Janusz Korczak. Bibliography: Rybak, K.,\u00a0Obrazowanie Zag\u0142ady. Narracje holokaustowe w polskiej literaturze XXI wieku dla dzieci i m\u0142odzie\u017cy, Warszawa 2023; W\u00f3jcik-Dudek, M.,\u00a0W(y)czyta\u0107 Zag\u0142ad\u0119. Praktyki postpami\u0119ci w polskiej literaturze XXI wieku dla dzieci i m\u0142odzie\u017cy, Katowice 2016 (p. 121 fn. 48).<\/p>\n","protected":false},"author":1,"featured_media":0,"parent":0,"menu_order":0,"comment_status":"closed","ping_status":"closed","template":"","meta":[],"_links":{"self":[{"href":"https:\/\/oczamidziecka.al.uw.edu.pl\/index.php\/wp-json\/wp\/v2\/pages\/2646"}],"collection":[{"href":"https:\/\/oczamidziecka.al.uw.edu.pl\/index.php\/wp-json\/wp\/v2\/pages"}],"about":[{"href":"https:\/\/oczamidziecka.al.uw.edu.pl\/index.php\/wp-json\/wp\/v2\/types\/page"}],"author":[{"embeddable":true,"href":"https:\/\/oczamidziecka.al.uw.edu.pl\/index.php\/wp-json\/wp\/v2\/users\/1"}],"replies":[{"embeddable":true,"href":"https:\/\/oczamidziecka.al.uw.edu.pl\/index.php\/wp-json\/wp\/v2\/comments?post=2646"}],"version-history":[{"count":9,"href":"https:\/\/oczamidziecka.al.uw.edu.pl\/index.php\/wp-json\/wp\/v2\/pages\/2646\/revisions"}],"predecessor-version":[{"id":3640,"href":"https:\/\/oczamidziecka.al.uw.edu.pl\/index.php\/wp-json\/wp\/v2\/pages\/2646\/revisions\/3640"}],"wp:attachment":[{"href":"https:\/\/oczamidziecka.al.uw.edu.pl\/index.php\/wp-json\/wp\/v2\/media?parent=2646"}],"curies":[{"name":"wp","href":"https:\/\/api.w.org\/{rel}","templated":true}]}}