{"id":2644,"date":"2020-02-07T15:53:56","date_gmt":"2020-02-07T14:53:56","guid":{"rendered":"https:\/\/oczamidziecka.al.uw.edu.pl\/?page_id=2644"},"modified":"2023-12-06T10:25:15","modified_gmt":"2023-12-06T09:25:15","slug":"powieki","status":"publish","type":"page","link":"https:\/\/oczamidziecka.al.uw.edu.pl\/index.php\/powieki\/","title":{"rendered":"Powieki. Bajka dedykowana pami\u0119ci Janusza Korczaka"},"content":{"rendered":"\n<div class=\"wp-block-columns has-2-columns\">\n<div class=\"wp-block-column\">\n<h6>Autor: Micha\u0142 Rusinek<\/h6>\n\n\n\n<h6>Ilustracje: Ola Cie\u015blak<\/h6>\n\n\n\n<h6>Rok wydania: 2012<\/h6>\n\n\n\n<h6>Wydawnictwo: Opera i Filharmonia Podlaska \u2013 Europejskie Centrum Sztuki w Bia\u0142ymstoku<\/h6>\n\n\n\n<h6>Miejsce wydania: Bia\u0142ystok<\/h6>\n\n\n\n<h6>Liczba stron: 12<\/h6>\n\n\n\n<h6>ISBN: 9788363806019<\/h6>\n\n\n\n<h6>Uwagi: Publikacja wydana we wsp\u00f3lnym etui z programem musicalu &#8220;Korczak&#8221; (oprac. Joanna Gdowska, Tadeusz P\u0142atek, Bia\u0142ystok: Opera i Filharmonia Podlaska \u2013 Europejskie Centrum Sztuki w Bia\u0142ymstoku 2012, s. 75, ISBN: 9788353806002). <\/h6>\n<\/div>\n\n\n\n<div class=\"wp-block-column\"><\/div>\n<\/div>\n\n\n\n<p><em>Powieki<\/em> to kr\u00f3tka, osadzona w bli\u017cej nieokre\u015blonym czasie i przestrzeni opowie\u015b\u0107 o szarych polnych myszach, kt\u00f3rych zwyk\u0142\u0105, ci\u0119\u017ck\u0105 egzystencj\u0119 pewnego dnia przerywa dziwny zapach. Jedna z nich, \u201ebardziej bura ni\u017c szara\u201d, postanowi\u0142a wej\u015b\u0107 na mieszcz\u0105cy si\u0119 nieopodal pag\u00f3rek, sk\u0105d dostrzeg\u0142a po\u017car i chmury ciemnego dymu. Poniewa\u017c nie by\u0142o dok\u0105d ucieka\u0107, postanowi\u0142a podj\u0105\u0107 inne kroki: zach\u0119ci\u0142a przera\u017cone towarzyszki do spokojnego le\u017cenia na ziemi i wpatrywania si\u0119 w chmury przemieszczaj\u0105ce si\u0119 po niebie, kt\u00f3rych widok zostanie pod ich powiekami na zawsze.&nbsp;<\/p>\n\n\n\n<p>Cho\u0107 w warstwie tekstowej brakuje jednoznacznego wskazania na Zag\u0142ad\u0119, ku tej interpretacji kieruj\u0105 czytelnika podtytu\u0142 \u201eBajka dedykowana pami\u0119ci Janusza Korczaka\u201d oraz gwiazda Dawida wpleciona w ilustracj\u0119 jednej ze stron. Ksi\u0105\u017cka zosta\u0142a&nbsp; ponadto wydana jako dodatek do programu musicalu \u201eKorczak\u201d z muzyk\u0105 Chrisa Williamsa i librettem Nicka Stimsona wystawionego w re\u017cyserii Roberta Skolmowskiego w <a href=\"https:\/\/www.oifp.eu\/\" target=\"_blank\" rel=\"noreferrer noopener\" aria-label=\"Operze i Filharmonii Podlaskiej  (opens in a new tab)\">Operze i Filharmonii Podlaskiej <\/a>w 2012 roku, co dodatkowo osadza j\u0105 w kontek\u015bcie \u017cycia i \u015bmierci Korczaka.<\/p>\n\n\n\n<h6>Bibliografia:<\/h6>\n\n\n\n<ul><li>Rybak, K.,\u00a0<em>Obrazowanie Zag\u0142ady. Narracje holokaustowe w polskiej literaturze XXI wieku dla dzieci i m\u0142odzie\u017cy<\/em>, Warszawa 2023;<\/li><li>W\u00f3jcik-Dudek, M.,\u00a0<em>W(y)czyta\u0107 Zag\u0142ad\u0119. Praktyki postpami\u0119ci w polskiej literaturze XXI wieku dla dzieci i m\u0142odzie\u017cy<\/em>, Katowice 2016 (s. 121 przyp. 48).<\/li><\/ul>\n","protected":false},"excerpt":{"rendered":"<p>Autor: Micha\u0142 Rusinek Ilustracje: Ola Cie\u015blak Rok wydania: 2012 Wydawnictwo: Opera i Filharmonia Podlaska \u2013 Europejskie Centrum Sztuki w Bia\u0142ymstoku Miejsce wydania: Bia\u0142ystok Liczba stron: 12 ISBN: 9788363806019 Uwagi: Publikacja wydana we wsp\u00f3lnym etui z programem musicalu &#8220;Korczak&#8221; (oprac. Joanna Gdowska, Tadeusz P\u0142atek, Bia\u0142ystok: Opera i Filharmonia Podlaska \u2013 Europejskie Centrum Sztuki w Bia\u0142ymstoku 2012, s. 75, ISBN: 9788353806002). Powieki to kr\u00f3tka, osadzona w bli\u017cej nieokre\u015blonym czasie i przestrzeni opowie\u015b\u0107 o szarych polnych myszach, kt\u00f3rych zwyk\u0142\u0105, ci\u0119\u017ck\u0105 egzystencj\u0119 pewnego dnia przerywa dziwny zapach. Jedna z nich, \u201ebardziej bura ni\u017c szara\u201d, postanowi\u0142a wej\u015b\u0107 na mieszcz\u0105cy si\u0119 nieopodal pag\u00f3rek, sk\u0105d dostrzeg\u0142a po\u017car i chmury ciemnego dymu. Poniewa\u017c nie by\u0142o dok\u0105d ucieka\u0107, postanowi\u0142a podj\u0105\u0107 inne kroki: zach\u0119ci\u0142a przera\u017cone towarzyszki do spokojnego le\u017cenia na ziemi i wpatrywania si\u0119 w chmury przemieszczaj\u0105ce si\u0119 po niebie, kt\u00f3rych widok zostanie pod ich powiekami na zawsze.&nbsp; Cho\u0107 w warstwie tekstowej brakuje jednoznacznego wskazania na Zag\u0142ad\u0119, ku tej interpretacji kieruj\u0105 czytelnika podtytu\u0142 \u201eBajka dedykowana pami\u0119ci Janusza Korczaka\u201d oraz gwiazda Dawida wpleciona w ilustracj\u0119 jednej ze stron. Ksi\u0105\u017cka zosta\u0142a&nbsp; ponadto wydana jako dodatek do programu musicalu \u201eKorczak\u201d z muzyk\u0105 Chrisa Williamsa i librettem Nicka Stimsona wystawionego w re\u017cyserii Roberta Skolmowskiego w Operze i Filharmonii Podlaskiej w 2012 roku, co dodatkowo osadza j\u0105 w kontek\u015bcie \u017cycia i \u015bmierci Korczaka. Bibliografia: Rybak, K.,\u00a0Obrazowanie Zag\u0142ady. Narracje holokaustowe w polskiej literaturze XXI wieku dla dzieci i m\u0142odzie\u017cy, Warszawa 2023; W\u00f3jcik-Dudek, M.,\u00a0W(y)czyta\u0107 Zag\u0142ad\u0119. Praktyki postpami\u0119ci w polskiej literaturze XXI wieku dla dzieci i m\u0142odzie\u017cy, Katowice 2016 (s. 121 przyp. 48).<\/p>\n","protected":false},"author":1,"featured_media":0,"parent":0,"menu_order":0,"comment_status":"closed","ping_status":"closed","template":"","meta":[],"_links":{"self":[{"href":"https:\/\/oczamidziecka.al.uw.edu.pl\/index.php\/wp-json\/wp\/v2\/pages\/2644"}],"collection":[{"href":"https:\/\/oczamidziecka.al.uw.edu.pl\/index.php\/wp-json\/wp\/v2\/pages"}],"about":[{"href":"https:\/\/oczamidziecka.al.uw.edu.pl\/index.php\/wp-json\/wp\/v2\/types\/page"}],"author":[{"embeddable":true,"href":"https:\/\/oczamidziecka.al.uw.edu.pl\/index.php\/wp-json\/wp\/v2\/users\/1"}],"replies":[{"embeddable":true,"href":"https:\/\/oczamidziecka.al.uw.edu.pl\/index.php\/wp-json\/wp\/v2\/comments?post=2644"}],"version-history":[{"count":8,"href":"https:\/\/oczamidziecka.al.uw.edu.pl\/index.php\/wp-json\/wp\/v2\/pages\/2644\/revisions"}],"predecessor-version":[{"id":3639,"href":"https:\/\/oczamidziecka.al.uw.edu.pl\/index.php\/wp-json\/wp\/v2\/pages\/2644\/revisions\/3639"}],"wp:attachment":[{"href":"https:\/\/oczamidziecka.al.uw.edu.pl\/index.php\/wp-json\/wp\/v2\/media?parent=2644"}],"curies":[{"name":"wp","href":"https:\/\/api.w.org\/{rel}","templated":true}]}}