{"id":2563,"date":"2020-02-07T11:57:04","date_gmt":"2020-02-07T10:57:04","guid":{"rendered":"https:\/\/oczamidziecka.al.uw.edu.pl\/?page_id=2563"},"modified":"2023-12-06T10:26:36","modified_gmt":"2023-12-06T09:26:36","slug":"spacerkiem-po-lodzi","status":"publish","type":"page","link":"https:\/\/oczamidziecka.al.uw.edu.pl\/index.php\/spacerkiem-po-lodzi\/","title":{"rendered":"Spacerkiem po \u0141odzi. Przewodnik dla dzieci"},"content":{"rendered":"\n<div class=\"wp-block-columns has-2-columns\">\n<div class=\"wp-block-column\">\n<h6>Autorzy: Aleksandra Jonas, Karolina Ko\u0142odziej, Maciej Kronenberg<\/h6>\n\n\n\n<h6>Ilustracje:&nbsp;Iwona Ca\u0142a<\/h6>\n\n\n\n<h6>Rok wydania: 2013<\/h6>\n\n\n\n<h6>Wydawnictwo: Literatura<\/h6>\n\n\n\n<h6>Miejsce wydania: \u0141\u00f3d\u017a<\/h6>\n\n\n\n<h6>Liczba stron: 160<\/h6>\n\n\n\n<h6>ISBN:&nbsp;9788376722672<\/h6>\n<\/div>\n\n\n\n<div class=\"wp-block-column\">\n<div class=\"wp-block-image\"><figure class=\"alignright\"><img loading=\"lazy\" width=\"290\" height=\"380\" src=\"https:\/\/oczamidziecka.al.uw.edu.pl\/wp-content\/uploads\/2020\/02\/Spacerkiem-po-Lodzi-e1581073114952.jpg\" alt=\"\" class=\"wp-image-2568\"\/><figcaption>Wykorzystanie ok\u0142adki za zgod\u0105 wydawcy. \u00a9Wydawnictwo Literatura<\/figcaption><\/figure><\/div>\n<\/div>\n<\/div>\n\n\n<p class=\"p1\"><span class=\"s1\">Przewodnik prezentuje m\u0142odemu czytelnikowi <a href=\"https:\/\/sztetl.org.pl\/pl\/miejscowosci\/l\/497-lodz\" target=\"_blank\" rel=\"noopener noreferrer\">\u0141\u00f3d\u017a<\/a> jako miasto o bogatej wielokulturowe, kt\u00f3re przez wieki zamieszkiwali wsp\u00f3lnie Polacy, Niemcy, Rosjanie i \u017bydzi. W kolejnych rozdzia\u0142ach pojawiaj\u0105 si\u0119 najwa\u017cniejsze momenty historii miasta, sylwetki wybitnych \u0142odzian (m.in. <a href=\"https:\/\/sprawiedliwi.org.pl\/pl\/historie-pomocy\/historia-jana-karskiego\" target=\"_blank\" rel=\"noopener noreferrer\">Jana Karskiego<\/a>), ulica Piotrkowska i szlak filmowy \u015bladem najwa\u017cniejszych wytw\u00f3rni, w tym do studia Se-ma-for, odpowiedzialnego za m.in. <i>Misia Uszatka<\/i>. Publikacja bazuje w du\u017cej mierze na materia\u0142ach wizualnych, w tym archiwalnych fotografiach, ukazuj\u0105c zmiany, jakie zasz\u0142y w mie\u015bcie na przestrzeni dziesi\u0119cioleci. <\/span><\/p>\n<p class=\"p1\"><span class=\"s1\">Temat Zag\u0142ady pojawia si\u0119 w przewodniku epizodycznie (m.in. podrozdzia\u0142y \u201eNasz\u0105 jedyn\u0105 drog\u0105 jest praca\u201d, \u201e\u017bycie w getcie\u201d \u201eTam, gdzie kiedy\u015b by\u0142o getto\u2026\u201d i \u201eKres\u201d). Czytelnik mo\u017ce dowiedzie\u0107 si\u0119, \u017ce jesieni\u0105 1939 Niemcy spalili \u0142\u00f3dzkie synagogi, a na Starym Mie\u015bcie i Ba\u0142utach, czyli w najbiedniejszych cz\u0119\u015bciach miasta, powsta\u0142o <a href=\"https:\/\/sztetl.org.pl\/pl\/miejscowosci\/l\/497-lodz\/116-miejsca-martyrologii\/48287-getto-w-lodzi\" target=\"_blank\" rel=\"noopener noreferrer\">jedno z najwi\u0119kszych i najd\u0142u\u017cej funkcjonuj\u0105cych w Europie gett<\/a>. W ksi\u0105\u017cce znalaz\u0142 si\u0119 r\u00f3wnie\u017c kr\u00f3tki wiersz Abrama Koplowicza, \u017cydowskiego ch\u0142opca, kt\u00f3ry wraz z Abramem Cytrynem zostaje wspominany jako osoba rozwijaj\u0105ca swoje talenty mimo ci\u0119\u017ckich warunk\u00f3w pracy w getcie. Autorzy m\u00f3wi\u0105 te\u017c o Szlaku Litzmannstadt Ghetto, a wi\u0119c upami\u0119tnieniu zwi\u0105zanych z wojennymi losami \u017byd\u00f3w miejsc, takich jak Ba\u0142ucki Rynek, <a href=\"https:\/\/sztetl.org.pl\/pl\/miejscowosci\/l\/497-lodz\/116-miejsca-martyrologii\/48221-dworzec-kolejowy-radegast-aleja-pamieci-ofiar-litzmannstadt-getto\" target=\"_blank\" rel=\"noopener noreferrer\">stacja-pomnik Radegast<\/a> czy <a href=\"https:\/\/sztetl.org.pl\/pl\/miejscowosci\/l\/497-lodz\/116-miejsca-martyrologii\/48319-park-ocalalych\" target=\"_blank\" rel=\"noopener noreferrer\">Park Ocala\u0142ych<\/a>, na terenie kt\u00f3rego kt\u00f3rym mieszcz\u0105 si\u0119 Pomnik Polak\u00f3w Ratuj\u0105cych \u017byd\u00f3w oraz <a href=\"https:\/\/www.centrumdialogu.com\/\" target=\"_blank\" rel=\"noopener noreferrer\">Centrum Dialogu im. Marka Edelmana<\/a>.<\/span><\/p>\n<h6>\u00a0<\/h6>\n<h6>Bibliografia:<\/h6>\n<ul class=\"ul1\">\n<li class=\"li1\"><span class=\"s2\">Chrobak, M., <a href=\"http:\/\/poetica.up.krakow.pl\/article\/view\/2978\/2634\" target=\"_blank\" rel=\"noopener noreferrer\"><i>\u201ePo co komu taka uliczka i tramwaj donik\u0105d?\u201d. \u201eMiejsca palimpsestowe\u201d w przewodnikach i spacerownikach dla dzieci<\/i><\/a>, \u201eAnnales Universitatis Paedagogicae Cracoviensis. Studia Poetica\u201d, nr III, 2015, s. 126\u2013142 (s. 140\u2013141);<\/span><\/li>\n<li>Rybak, K.,\u00a0<em>Obrazowanie Zag\u0142ady. Narracje holokaustowe w polskiej literaturze XXI wieku dla dzieci i m\u0142odzie\u017cy<\/em>, Warszawa 2023 (s. 11)<span class=\"s2\">.<\/span><\/li>\n<\/ul>","protected":false},"excerpt":{"rendered":"<p>Autorzy: Aleksandra Jonas, Karolina Ko\u0142odziej, Maciej Kronenberg Ilustracje:&nbsp;Iwona Ca\u0142a Rok wydania: 2013 Wydawnictwo: Literatura Miejsce wydania: \u0141\u00f3d\u017a Liczba stron: 160 ISBN:&nbsp;9788376722672 Przewodnik prezentuje m\u0142odemu czytelnikowi \u0141\u00f3d\u017a jako miasto o bogatej wielokulturowe, kt\u00f3re przez wieki zamieszkiwali wsp\u00f3lnie Polacy, Niemcy, Rosjanie i \u017bydzi. W kolejnych rozdzia\u0142ach pojawiaj\u0105 si\u0119 najwa\u017cniejsze momenty historii miasta, sylwetki wybitnych \u0142odzian (m.in. Jana Karskiego), ulica Piotrkowska i szlak filmowy \u015bladem najwa\u017cniejszych wytw\u00f3rni, w tym do studia Se-ma-for, odpowiedzialnego za m.in. Misia Uszatka. Publikacja bazuje w du\u017cej mierze na materia\u0142ach wizualnych, w tym archiwalnych fotografiach, ukazuj\u0105c zmiany, jakie zasz\u0142y w mie\u015bcie na przestrzeni dziesi\u0119cioleci. Temat Zag\u0142ady pojawia si\u0119 w przewodniku epizodycznie (m.in. podrozdzia\u0142y \u201eNasz\u0105 jedyn\u0105 drog\u0105 jest praca\u201d, \u201e\u017bycie w getcie\u201d \u201eTam, gdzie kiedy\u015b by\u0142o getto\u2026\u201d i \u201eKres\u201d). Czytelnik mo\u017ce dowiedzie\u0107 si\u0119, \u017ce jesieni\u0105 1939 Niemcy spalili \u0142\u00f3dzkie synagogi, a na Starym Mie\u015bcie i Ba\u0142utach, czyli w najbiedniejszych cz\u0119\u015bciach miasta, powsta\u0142o jedno z najwi\u0119kszych i najd\u0142u\u017cej funkcjonuj\u0105cych w Europie gett. W ksi\u0105\u017cce znalaz\u0142 si\u0119 r\u00f3wnie\u017c kr\u00f3tki wiersz Abrama Koplowicza, \u017cydowskiego ch\u0142opca, kt\u00f3ry wraz z Abramem Cytrynem zostaje wspominany jako osoba rozwijaj\u0105ca swoje talenty mimo ci\u0119\u017ckich warunk\u00f3w pracy w getcie. Autorzy m\u00f3wi\u0105 te\u017c o Szlaku Litzmannstadt Ghetto, a wi\u0119c upami\u0119tnieniu zwi\u0105zanych z wojennymi losami \u017byd\u00f3w miejsc, takich jak Ba\u0142ucki Rynek, stacja-pomnik Radegast czy Park Ocala\u0142ych, na terenie kt\u00f3rego kt\u00f3rym mieszcz\u0105 si\u0119 Pomnik Polak\u00f3w Ratuj\u0105cych \u017byd\u00f3w oraz Centrum Dialogu im. Marka Edelmana. \u00a0 Bibliografia: Chrobak, M., \u201ePo co komu taka uliczka i tramwaj donik\u0105d?\u201d. \u201eMiejsca palimpsestowe\u201d w przewodnikach i spacerownikach dla dzieci, \u201eAnnales Universitatis Paedagogicae Cracoviensis. Studia Poetica\u201d, nr III, 2015, s. 126\u2013142 (s. 140\u2013141); Rybak, K.,\u00a0Obrazowanie Zag\u0142ady. Narracje holokaustowe w polskiej literaturze XXI wieku dla dzieci i m\u0142odzie\u017cy, Warszawa 2023 (s. 11).<\/p>\n","protected":false},"author":1,"featured_media":0,"parent":0,"menu_order":0,"comment_status":"closed","ping_status":"closed","template":"","meta":[],"_links":{"self":[{"href":"https:\/\/oczamidziecka.al.uw.edu.pl\/index.php\/wp-json\/wp\/v2\/pages\/2563"}],"collection":[{"href":"https:\/\/oczamidziecka.al.uw.edu.pl\/index.php\/wp-json\/wp\/v2\/pages"}],"about":[{"href":"https:\/\/oczamidziecka.al.uw.edu.pl\/index.php\/wp-json\/wp\/v2\/types\/page"}],"author":[{"embeddable":true,"href":"https:\/\/oczamidziecka.al.uw.edu.pl\/index.php\/wp-json\/wp\/v2\/users\/1"}],"replies":[{"embeddable":true,"href":"https:\/\/oczamidziecka.al.uw.edu.pl\/index.php\/wp-json\/wp\/v2\/comments?post=2563"}],"version-history":[{"count":14,"href":"https:\/\/oczamidziecka.al.uw.edu.pl\/index.php\/wp-json\/wp\/v2\/pages\/2563\/revisions"}],"predecessor-version":[{"id":3645,"href":"https:\/\/oczamidziecka.al.uw.edu.pl\/index.php\/wp-json\/wp\/v2\/pages\/2563\/revisions\/3645"}],"wp:attachment":[{"href":"https:\/\/oczamidziecka.al.uw.edu.pl\/index.php\/wp-json\/wp\/v2\/media?parent=2563"}],"curies":[{"name":"wp","href":"https:\/\/api.w.org\/{rel}","templated":true}]}}