{"id":2545,"date":"2020-02-01T17:32:14","date_gmt":"2020-02-01T16:32:14","guid":{"rendered":"https:\/\/oczamidziecka.al.uw.edu.pl\/?page_id=2545"},"modified":"2023-12-06T10:18:37","modified_gmt":"2023-12-06T09:18:37","slug":"mala-wojna","status":"publish","type":"page","link":"https:\/\/oczamidziecka.al.uw.edu.pl\/index.php\/mala-wojna\/","title":{"rendered":"Ma\u0142a wojna"},"content":{"rendered":"\n<div class=\"wp-block-columns has-2-columns\">\n<div class=\"wp-block-column\">\n<h6>Autor: Katarzyna Ryrych<\/h6>\n\n\n\n<h6>Ilustracje: Joanna Rusinek<\/h6>\n\n\n\n<h6>Rok wydania: 2019<\/h6>\n\n\n\n<h6>Wydawnictwo: Literatura<\/h6>\n\n\n\n<h6>Miejsce wydania: \u0141\u00f3d\u017a<\/h6>\n\n\n\n<h6>Liczba stron: 80<\/h6>\n\n\n\n<h6>ISBN:&nbsp;9788376726557<\/h6>\n\n\n\n<h6>Uwagi: Seria &#8220;Wojny doros\u0142ych \u2013 historie dzieci&#8221;<\/h6>\n<\/div>\n\n\n\n<div class=\"wp-block-column\">\n<div class=\"wp-block-image\"><figure class=\"alignright\"><img loading=\"lazy\" width=\"271\" height=\"380\" src=\"https:\/\/oczamidziecka.al.uw.edu.pl\/wp-content\/uploads\/2020\/02\/Mala-wojna-1-e1580574970210.jpg\" alt=\"\" class=\"wp-image-2555\"\/><figcaption>Wykorzystanie ok\u0142adki za zgod\u0105 wydawcy. \u00a9Katarzyna Ryrych<br>\u00a9Wydawnictwo Literatura<\/figcaption><\/figure><\/div>\n<\/div>\n<\/div>\n\n\n<p class=\"p1\"><span class=\"s1\">Akcja <em>Ma\u0142ej wojny<\/em> toczy si\u0119 w okolicach Lwowa w czasie II wojny \u015bwiatowej. Mieszkaj\u0105ce w podmiejskim domu siostry Janeczka i Lilka staraj\u0105 si\u0119 normalnie funkcjonowa\u0107 w cieniu konfliktu. U\u0142atwia im to dorastanie w zamo\u017cnej rodzinie, dzi\u0119ki czemu mog\u0105 cho\u0107by ucz\u0119szcza\u0107 na lekcje muzyki prowadzone przez pana Stefana (nazywanego Maestro), wymagaj\u0105cego, acz sympatycznego starszego wirtuoza skrzypiec. Podczas z pozoru rutynowej lekcji, kt\u00f3ra odbywa si\u0119 w domu m\u0119\u017cczyzny, Lilka zauwa\u017ca, \u017ce z rega\u0142u wypada jedna z ksi\u0105\u017cek; przy kolejnej okazji dziewczynkom wydaje si\u0119, \u017ce posta\u0107 z wisz\u0105cego na \u015bcianie portretu je obserwuje. Dziwne zjawiska sk\u0142aniaj\u0105 bohaterki do zbadania sprawy Maestra i tajemnicy jego domu.<\/span><\/p>\n<p class=\"p1\"><span class=\"s1\">W swoim opowiadaniu Ryrych wykorzystuje konwencj\u0119 powie\u015bci detektywistycznej, odwo\u0142uj\u0105c si\u0119 przy tym do pok\u0142ad\u00f3w wyobra\u017ani niedoros\u0142ych bohaterek, czyni\u0105c z <em>Ma\u0142ej wojny<\/em> wci\u0105gaj\u0105c\u0105 opowie\u015b\u0107. Elementy przygody nie przys\u0142aniaj\u0105 jednak subtelnie ukazanego dramatu wojny, kt\u00f3ra dotyka rodzin\u0119 Janeczki i Lilki; z podobn\u0105 delikatno\u015bci\u0105 autorka sygnalizuje r\u00f3wnie\u017c Zag\u0142ad\u0119 \u017cydowskich s\u0105siad\u00f3w \u201eopuszczaj\u0105cych\u201d okolic\u0119, jak i \u201ewaryjat\u00f3w\u201d (jak nazywa ich jeden z dzieci\u0119cych bohater\u00f3w) zwi\u0105zanych z po\u0142o\u017conym niedaleko domu bohaterek szpitalem dla chorych psychicznie w Kulparkowie (instytucja dzia\u0142a do dzi\u015b). Warto zaznaczy\u0107, \u017ce to pierwsza w polskiej tw\u00f3rczo\u015bci dla dzieci wzmianka o zag\u0142adzie w odniesieniu do niepe\u0142nosprawnych i chorych psychicznie.<\/span><\/p>\n<h6>Bibliografia:<\/h6>\n<ul>\n<li>Rybak, K., <em>Stosunki polsko-\u017cydowskie i Zag\u0142ada w polskiej literaturze dzieci\u0119cej XXI wieku<\/em>, [w:] <em>Stosunki polsko-\u017cydowskie<\/em>, t. 2, <em>Kultura. Literatura, sztuka i nauka w XX wieku<\/em>, red. Z. Tr\u0119bacz, Warszawa 2020, s. 171\u2013187 (s. 174, przyp. 7; 182);<\/li>\n<li>Rybak, K., <a href=\"https:\/\/doi.org\/10.31261\/NoZ.2021.07.09\" target=\"_blank\" rel=\"noopener noreferrer\"><em>Zag\u0142ada i ideologia w polskiej literaturze dzieci\u0119cej XXI wieku<\/em><\/a>, \u201eNarracje o Zag\u0142adzie<span class=\"s2\">\u201d<\/span>, nr 1(7), 2021, s. 155\u2013173 (s. 159, przyp. 20);<\/li>\n<li>Rybak, K.,\u00a0<em>Obrazowanie Zag\u0142ady. Narracje holokaustowe w polskiej literaturze XXI wieku dla dzieci i m\u0142odzie\u017cy<\/em>, Warszawa 2023 (s. 13, 92);<\/li>\n<li><span class=\"s2\">Wawer, K., <a href=\"https:\/\/doi.org\/10.14746\/pi.2021.13.13\" target=\"_blank\" rel=\"noopener noreferrer\"><em>Lekcje (polskiego) z wielokulturowo\u015bci. Praca z seri\u0105 <\/em>Wojny doros\u0142ych \u2013 historie dzieci <em>w szkole podstawowej na wybranych przyk\u0142adach<\/em><\/a>, \u201ePolonistyka. Innowacje&#8221;, nr 13, 2021, s. 145\u2013161 (s. 146)<\/span>.<\/li>\n<\/ul>","protected":false},"excerpt":{"rendered":"<p>Autor: Katarzyna Ryrych Ilustracje: Joanna Rusinek Rok wydania: 2019 Wydawnictwo: Literatura Miejsce wydania: \u0141\u00f3d\u017a Liczba stron: 80 ISBN:&nbsp;9788376726557 Uwagi: Seria &#8220;Wojny doros\u0142ych \u2013 historie dzieci&#8221; Akcja Ma\u0142ej wojny toczy si\u0119 w okolicach Lwowa w czasie II wojny \u015bwiatowej. Mieszkaj\u0105ce w podmiejskim domu siostry Janeczka i Lilka staraj\u0105 si\u0119 normalnie funkcjonowa\u0107 w cieniu konfliktu. U\u0142atwia im to dorastanie w zamo\u017cnej rodzinie, dzi\u0119ki czemu mog\u0105 cho\u0107by ucz\u0119szcza\u0107 na lekcje muzyki prowadzone przez pana Stefana (nazywanego Maestro), wymagaj\u0105cego, acz sympatycznego starszego wirtuoza skrzypiec. Podczas z pozoru rutynowej lekcji, kt\u00f3ra odbywa si\u0119 w domu m\u0119\u017cczyzny, Lilka zauwa\u017ca, \u017ce z rega\u0142u wypada jedna z ksi\u0105\u017cek; przy kolejnej okazji dziewczynkom wydaje si\u0119, \u017ce posta\u0107 z wisz\u0105cego na \u015bcianie portretu je obserwuje. Dziwne zjawiska sk\u0142aniaj\u0105 bohaterki do zbadania sprawy Maestra i tajemnicy jego domu. W swoim opowiadaniu Ryrych wykorzystuje konwencj\u0119 powie\u015bci detektywistycznej, odwo\u0142uj\u0105c si\u0119 przy tym do pok\u0142ad\u00f3w wyobra\u017ani niedoros\u0142ych bohaterek, czyni\u0105c z Ma\u0142ej wojny wci\u0105gaj\u0105c\u0105 opowie\u015b\u0107. Elementy przygody nie przys\u0142aniaj\u0105 jednak subtelnie ukazanego dramatu wojny, kt\u00f3ra dotyka rodzin\u0119 Janeczki i Lilki; z podobn\u0105 delikatno\u015bci\u0105 autorka sygnalizuje r\u00f3wnie\u017c Zag\u0142ad\u0119 \u017cydowskich s\u0105siad\u00f3w \u201eopuszczaj\u0105cych\u201d okolic\u0119, jak i \u201ewaryjat\u00f3w\u201d (jak nazywa ich jeden z dzieci\u0119cych bohater\u00f3w) zwi\u0105zanych z po\u0142o\u017conym niedaleko domu bohaterek szpitalem dla chorych psychicznie w Kulparkowie (instytucja dzia\u0142a do dzi\u015b). Warto zaznaczy\u0107, \u017ce to pierwsza w polskiej tw\u00f3rczo\u015bci dla dzieci wzmianka o zag\u0142adzie w odniesieniu do niepe\u0142nosprawnych i chorych psychicznie. Bibliografia: Rybak, K., Stosunki polsko-\u017cydowskie i Zag\u0142ada w polskiej literaturze dzieci\u0119cej XXI wieku, [w:] Stosunki polsko-\u017cydowskie, t. 2, Kultura. Literatura, sztuka i nauka w XX wieku, red. Z. Tr\u0119bacz, Warszawa 2020, s. 171\u2013187 (s. 174, przyp. 7; 182); Rybak, K., Zag\u0142ada i ideologia w polskiej literaturze dzieci\u0119cej XXI wieku, \u201eNarracje o Zag\u0142adzie\u201d, nr 1(7), 2021, s. 155\u2013173 (s. 159, przyp. 20); Rybak, K.,\u00a0Obrazowanie Zag\u0142ady. Narracje holokaustowe w polskiej literaturze XXI wieku dla dzieci i m\u0142odzie\u017cy, Warszawa 2023 (s. 13, 92); Wawer, K., Lekcje (polskiego) z wielokulturowo\u015bci. Praca z seri\u0105 Wojny doros\u0142ych \u2013 historie dzieci w szkole podstawowej na wybranych przyk\u0142adach, \u201ePolonistyka. Innowacje&#8221;, nr 13, 2021, s. 145\u2013161 (s. 146).<\/p>\n","protected":false},"author":1,"featured_media":0,"parent":0,"menu_order":0,"comment_status":"closed","ping_status":"closed","template":"","meta":[],"_links":{"self":[{"href":"https:\/\/oczamidziecka.al.uw.edu.pl\/index.php\/wp-json\/wp\/v2\/pages\/2545"}],"collection":[{"href":"https:\/\/oczamidziecka.al.uw.edu.pl\/index.php\/wp-json\/wp\/v2\/pages"}],"about":[{"href":"https:\/\/oczamidziecka.al.uw.edu.pl\/index.php\/wp-json\/wp\/v2\/types\/page"}],"author":[{"embeddable":true,"href":"https:\/\/oczamidziecka.al.uw.edu.pl\/index.php\/wp-json\/wp\/v2\/users\/1"}],"replies":[{"embeddable":true,"href":"https:\/\/oczamidziecka.al.uw.edu.pl\/index.php\/wp-json\/wp\/v2\/comments?post=2545"}],"version-history":[{"count":11,"href":"https:\/\/oczamidziecka.al.uw.edu.pl\/index.php\/wp-json\/wp\/v2\/pages\/2545\/revisions"}],"predecessor-version":[{"id":3618,"href":"https:\/\/oczamidziecka.al.uw.edu.pl\/index.php\/wp-json\/wp\/v2\/pages\/2545\/revisions\/3618"}],"wp:attachment":[{"href":"https:\/\/oczamidziecka.al.uw.edu.pl\/index.php\/wp-json\/wp\/v2\/media?parent=2545"}],"curies":[{"name":"wp","href":"https:\/\/api.w.org\/{rel}","templated":true}]}}