{"id":2528,"date":"2020-02-01T17:03:15","date_gmt":"2020-02-01T16:03:15","guid":{"rendered":"https:\/\/oczamidziecka.al.uw.edu.pl\/?page_id=2528"},"modified":"2021-04-29T23:42:32","modified_gmt":"2021-04-29T22:42:32","slug":"jedrus-chlopak-ze-lwowa","status":"publish","type":"page","link":"https:\/\/oczamidziecka.al.uw.edu.pl\/index.php\/jedrus-chlopak-ze-lwowa\/","title":{"rendered":"J\u0119dru\u015b, ch\u0142opak ze Lwowa"},"content":{"rendered":"\n<div class=\"wp-block-columns has-2-columns\">\n<div class=\"wp-block-column\">\n<h6>Autor: Andrzej Perepeczko<\/h6>\n\n\n\n<h6>Ilustracje: Magdalena Pilch<\/h6>\n\n\n\n<h6>Rok wydania: 2019<\/h6>\n\n\n\n<h6>Wydawnictwo: Literatura<\/h6>\n\n\n\n<h6>Miejsce wydania: \u0141\u00f3d\u017a<\/h6>\n\n\n\n<h6>Liczba stron: 144<\/h6>\n\n\n\n<h6>ISBN:&nbsp;9788376727165<\/h6>\n\n\n\n<h6>Uwagi: Seria &#8220;Wojny doros\u0142ych \u2013 historie dzieci&#8221;<\/h6>\n<\/div>\n\n\n\n<div class=\"wp-block-column\">\n<div class=\"wp-block-image\"><figure class=\"alignright\"><img loading=\"lazy\" width=\"270\" height=\"380\" src=\"https:\/\/oczamidziecka.al.uw.edu.pl\/wp-content\/uploads\/2020\/02\/Jedrus-e1580573338544.jpg\" alt=\"\" class=\"wp-image-2533\"\/><figcaption>Wykorzystanie ok\u0142adki za zgod\u0105 wydawcy. \u00a9Andrzej Perepeczko<br>\u00a9Wydawnictwo Literatura<\/figcaption><\/figure><\/div>\n<\/div>\n<\/div>\n\n\n<p class=\"p1\"><span class=\"s1\">Autobiograficzna opowie\u015b\u0107 Andrzeja Perepeczki rozpoczyna si\u0119 w mi\u0119dzywojennym Lwowie. W 1935 r. ch\u0142opiec wraz z rodzin\u0105 przenosi si\u0119 do Modlina ko\u0142o Warszawy, gdzie mieszka a\u017c do wybuchu II wojny \u015bwiatowej. Na pocz\u0105tku wrze\u015bnia 1939 r. ojciec, porucznik Wojska Polskiego, postawia wys\u0142a\u0107 reszt\u0119 domownik\u00f3w na wie\u015b, ch\u0142opiec trafia wi\u0119c na jaki\u015b czas do Luszawy na Lubelszczy\u017anie, sk\u0105d po przegranej bitwie pod <a href=\"https:\/\/sztetl.org.pl\/pl\/miejscowosci\/k\/643-kock\" target=\"_blank\" rel=\"noopener noreferrer\">Kockiem<\/a> (pocz\u0105tek pa\u017adziernika 1939 r.) wyje\u017cd\u017ca do Warszawy \u2013 przeprowadzek w jego \u017cyciu b\u0119dzie wiele, a koniec wojny zastaje J\u0119drusia w Radomsku. Pe\u0142ne podr\u00f3\u017cy wojenne losy ch\u0142opca uzupe\u0142niaj\u0105 opisy okupacyjnej codzienno\u015bci, w tym tajnego nauczania, \u0142apanek, dzia\u0142alno\u015bci w Szarych Szeregach czy wiadomo\u015bci o powstaniu warszawskim.<\/span><\/p>\n<p class=\"p1\"><span class=\"s1\">Zag\u0142ada pojawia si\u0119 w ksi\u0105\u017cce epizodycznie. W czasie ucieczki z Modlina bohater zauwa\u017ca, \u017ce ofiarami bombardowa\u0144 Kocka s\u0105 wy\u0142\u0105cznie \u017bydzi i zastanawia si\u0119, \u201edlaczego Niemcy bombarduj\u0105 i pal\u0105 takie ma\u0142e \u017cydowskie miasteczko? [\u2026] Przecie\u017c nie ma tu \u017cadnego wartego bomb celu\u201d [37]. Kr\u00f3tki fragment po\u015bwi\u0119cony jest r\u00f3wnie\u017c utworzeniu<span class=\"Apple-converted-space\">\u00a0 <\/span><a href=\"https:\/\/sztetl.org.pl\/en\/glossary\/getto-warszawskie\" target=\"_blank\" rel=\"noopener noreferrer\">getta warszawskiego<\/a>, kt\u00f3rego \u201emieszka\u0144cy\u201d [64] (p\u00f3\u017aniej nazywani te\u017c \u201ewi\u0119\u017aniami\u201d [73]) nie maj\u0105 prawa opuszcza\u0107 mur\u00f3w, a Polacy nie mog\u0105 pom\u00f3c prze\u015bladowanym: babcia J\u0119drusia stwierdza, \u017ce \u201emo\u017cna [\u2026] jedynie si\u0119 pomodli\u0107, niestety\u201d [64]. Co ciekawe, Perepeczko rezygnuje z konwencji uczynienia dzieci\u0119cego bohatera \u015bwiadkiem Zag\u0142ady, kobieta m\u00f3wi bowiem \u201elepiej nie patrze\u0107 na getto, dzieci, bo tam ludzie umieraj\u0105 na ulicy\u201d [ibid.]. W tek\u015bcie wspomniane jest r\u00f3wnie\u017c zmniejszenie obszaru getta oraz powstanie w marcu 1943 r. i ca\u0142kowite zniszczenie \u201eotoczonej murem dzielnicy\u201d [73\u201374].<\/span><\/p>\n<h6>Bibliografia:<\/h6>\n<ul>\n<li>Rybak, K., <em>Stosunki polsko-\u017cydowskie i Zag\u0142ada w polskiej literaturze dzieci\u0119cej XXI wieku<\/em>, [w:] <em>Stosunki polsko-\u017cydowskie<\/em>, t. 2, <em>Kultura. Literatura, sztuka i nauka w XX wieku<\/em>, red. Z. Tr\u0119bacz, Warszawa 2020, s. 171\u2013187 (s. 174, przyp. 7).<\/li>\n<\/ul>","protected":false},"excerpt":{"rendered":"<p>Autor: Andrzej Perepeczko Ilustracje: Magdalena Pilch Rok wydania: 2019 Wydawnictwo: Literatura Miejsce wydania: \u0141\u00f3d\u017a Liczba stron: 144 ISBN:&nbsp;9788376727165 Uwagi: Seria &#8220;Wojny doros\u0142ych \u2013 historie dzieci&#8221; Autobiograficzna opowie\u015b\u0107 Andrzeja Perepeczki rozpoczyna si\u0119 w mi\u0119dzywojennym Lwowie. W 1935 r. ch\u0142opiec wraz z rodzin\u0105 przenosi si\u0119 do Modlina ko\u0142o Warszawy, gdzie mieszka a\u017c do wybuchu II wojny \u015bwiatowej. Na pocz\u0105tku wrze\u015bnia 1939 r. ojciec, porucznik Wojska Polskiego, postawia wys\u0142a\u0107 reszt\u0119 domownik\u00f3w na wie\u015b, ch\u0142opiec trafia wi\u0119c na jaki\u015b czas do Luszawy na Lubelszczy\u017anie, sk\u0105d po przegranej bitwie pod Kockiem (pocz\u0105tek pa\u017adziernika 1939 r.) wyje\u017cd\u017ca do Warszawy \u2013 przeprowadzek w jego \u017cyciu b\u0119dzie wiele, a koniec wojny zastaje J\u0119drusia w Radomsku. Pe\u0142ne podr\u00f3\u017cy wojenne losy ch\u0142opca uzupe\u0142niaj\u0105 opisy okupacyjnej codzienno\u015bci, w tym tajnego nauczania, \u0142apanek, dzia\u0142alno\u015bci w Szarych Szeregach czy wiadomo\u015bci o powstaniu warszawskim. Zag\u0142ada pojawia si\u0119 w ksi\u0105\u017cce epizodycznie. W czasie ucieczki z Modlina bohater zauwa\u017ca, \u017ce ofiarami bombardowa\u0144 Kocka s\u0105 wy\u0142\u0105cznie \u017bydzi i zastanawia si\u0119, \u201edlaczego Niemcy bombarduj\u0105 i pal\u0105 takie ma\u0142e \u017cydowskie miasteczko? [\u2026] Przecie\u017c nie ma tu \u017cadnego wartego bomb celu\u201d [37]. Kr\u00f3tki fragment po\u015bwi\u0119cony jest r\u00f3wnie\u017c utworzeniu\u00a0 getta warszawskiego, kt\u00f3rego \u201emieszka\u0144cy\u201d [64] (p\u00f3\u017aniej nazywani te\u017c \u201ewi\u0119\u017aniami\u201d [73]) nie maj\u0105 prawa opuszcza\u0107 mur\u00f3w, a Polacy nie mog\u0105 pom\u00f3c prze\u015bladowanym: babcia J\u0119drusia stwierdza, \u017ce \u201emo\u017cna [\u2026] jedynie si\u0119 pomodli\u0107, niestety\u201d [64]. Co ciekawe, Perepeczko rezygnuje z konwencji uczynienia dzieci\u0119cego bohatera \u015bwiadkiem Zag\u0142ady, kobieta m\u00f3wi bowiem \u201elepiej nie patrze\u0107 na getto, dzieci, bo tam ludzie umieraj\u0105 na ulicy\u201d [ibid.]. W tek\u015bcie wspomniane jest r\u00f3wnie\u017c zmniejszenie obszaru getta oraz powstanie w marcu 1943 r. i ca\u0142kowite zniszczenie \u201eotoczonej murem dzielnicy\u201d [73\u201374]. Bibliografia: Rybak, K., Stosunki polsko-\u017cydowskie i Zag\u0142ada w polskiej literaturze dzieci\u0119cej XXI wieku, [w:] Stosunki polsko-\u017cydowskie, t. 2, Kultura. Literatura, sztuka i nauka w XX wieku, red. Z. Tr\u0119bacz, Warszawa 2020, s. 171\u2013187 (s. 174, przyp. 7).<\/p>\n","protected":false},"author":1,"featured_media":0,"parent":0,"menu_order":0,"comment_status":"closed","ping_status":"closed","template":"","meta":[],"_links":{"self":[{"href":"https:\/\/oczamidziecka.al.uw.edu.pl\/index.php\/wp-json\/wp\/v2\/pages\/2528"}],"collection":[{"href":"https:\/\/oczamidziecka.al.uw.edu.pl\/index.php\/wp-json\/wp\/v2\/pages"}],"about":[{"href":"https:\/\/oczamidziecka.al.uw.edu.pl\/index.php\/wp-json\/wp\/v2\/types\/page"}],"author":[{"embeddable":true,"href":"https:\/\/oczamidziecka.al.uw.edu.pl\/index.php\/wp-json\/wp\/v2\/users\/1"}],"replies":[{"embeddable":true,"href":"https:\/\/oczamidziecka.al.uw.edu.pl\/index.php\/wp-json\/wp\/v2\/comments?post=2528"}],"version-history":[{"count":8,"href":"https:\/\/oczamidziecka.al.uw.edu.pl\/index.php\/wp-json\/wp\/v2\/pages\/2528\/revisions"}],"predecessor-version":[{"id":3290,"href":"https:\/\/oczamidziecka.al.uw.edu.pl\/index.php\/wp-json\/wp\/v2\/pages\/2528\/revisions\/3290"}],"wp:attachment":[{"href":"https:\/\/oczamidziecka.al.uw.edu.pl\/index.php\/wp-json\/wp\/v2\/media?parent=2528"}],"curies":[{"name":"wp","href":"https:\/\/api.w.org\/{rel}","templated":true}]}}