{"id":2497,"date":"2020-02-01T16:15:26","date_gmt":"2020-02-01T15:15:26","guid":{"rendered":"https:\/\/oczamidziecka.al.uw.edu.pl\/?page_id=2497"},"modified":"2020-03-13T11:17:12","modified_gmt":"2020-03-13T10:17:12","slug":"wojenne-lalki-marysi-marysias-wartime-dolls","status":"publish","type":"page","link":"https:\/\/oczamidziecka.al.uw.edu.pl\/index.php\/en\/wojenne-lalki-marysi-marysias-wartime-dolls\/","title":{"rendered":"Wojenne lalki Marysi [Marysia&#8217;s Wartime Dolls]"},"content":{"rendered":"\n<div class=\"wp-block-columns has-2-columns\">\n<div class=\"wp-block-column\">\n<h6>Author: Ma\u0142gorzata J. Berwid<\/h6>\n\n\n\n<h6>Illustrator:&nbsp;Ania Jamr\u00f3z<\/h6>\n\n\n\n<h6>Year:&nbsp;2019<\/h6>\n\n\n\n<h6>Publisher: TADAM<\/h6>\n\n\n\n<h6>Place of publication: Warszawa<\/h6>\n\n\n\n<h6>Pages: 64<\/h6>\n\n\n\n<h6>ISBN:&nbsp;9788395148088<\/h6>\n<\/div>\n\n\n\n<div class=\"wp-block-column\">\n<div class=\"wp-block-image\"><figure class=\"alignright\"><img loading=\"lazy\" width=\"270\" height=\"380\" src=\"https:\/\/oczamidziecka.al.uw.edu.pl\/wp-content\/uploads\/2020\/02\/wojenne-lalki-marysi_okladka-532x750-e1580570477632.jpg\" alt=\"\" class=\"wp-image-2500\"\/><figcaption>Cover courtesy of the publisher. \u00a9Wydawnictwo TADAM<br>\u00a9Ma\u0142gorzata J. Berwid<br>\u00a9Ania Jamr\u00f3z<\/figcaption><\/figure><\/div>\n<\/div>\n<\/div>\n\n\n<p class=\"p1\"><span class=\"s1\">When war enters Marysia\u2019s life, everything changes. The girl cannot start first grade because airplanes appear in the sky, dropping bombs on Warsaw. The character describes her life in war-torn Poland and the restrictions introduced continually by the occupant, which makes life difficult for adults and children alike. The tropes of resistance and the Warsaw Uprising also appear in this book. Importantly, Berwid\u2019s story is based on her mother\u2019s memories. It also contains footnotes and a foreword by Joanna Papuzi\u0144ska, a researcher of children\u2019s literature and the author of two memoirs from the World War Two period: <i>Asiunia<\/i> and <i>M\u00f3j tato szcz\u0119\u015bciarz<\/i> [My Dad the Lucky Man].<\/span><\/p>\n<p class=\"p1\"><span class=\"s1\">In\u00a0<em>Wojenne lalki Marysi<\/em> [Marysia\u2019s Wartime Dolls], the Holocaust is referred to episodically. The child narrator mentions that she used to live in 38 Ch\u0142odna Street with her family \u201cright next to the Warsaw Ghetto,\u201d which gave them opportunity to offer help to victims of anti-Semitism and repression (for example, to share food). The author does not shy away from relaying some dramatic events, such as the suicides of ghetto prisoners, which Marysia inadvertently witnesses.<\/span><\/p>\n<p>\u00a0<\/p>\n<h6>Bibliography:<\/h6>\n<ul class=\"ul1\">\n<li class=\"li1\"><span class=\"s2\">Szumal, M., <a href=\"https:\/\/pressto.amu.edu.pl\/index.php\/pi\/article\/view\/19136\/18899\" target=\"_blank\" rel=\"noopener noreferrer\"><span class=\"s3\">Ada Judytka i zaginiony ta\u0142es. <i>Dzieci\u0119cy klucz do wielokulturowego Bia\u0142egostoku<\/i><\/span><\/a>, \u201ePolonistyka. Innowacje&#8221;, no. 9, 2019, pp. 131\u2013140<\/span><span class=\"s2\">.<\/span><\/li>\n<\/ul>","protected":false},"excerpt":{"rendered":"<p>Author: Ma\u0142gorzata J. Berwid Illustrator:&nbsp;Ania Jamr\u00f3z Year:&nbsp;2019 Publisher: TADAM Place of publication: Warszawa Pages: 64 ISBN:&nbsp;9788395148088 When war enters Marysia\u2019s life, everything changes. The girl cannot start first grade because airplanes appear in the sky, dropping bombs on Warsaw. The character describes her life in war-torn Poland and the restrictions introduced continually by the occupant, which makes life difficult for adults and children alike. The tropes of resistance and the Warsaw Uprising also appear in this book. Importantly, Berwid\u2019s story is based on her mother\u2019s memories. It also contains footnotes and a foreword by Joanna Papuzi\u0144ska, a researcher of children\u2019s literature and the author of two memoirs from the World War Two period: Asiunia and M\u00f3j tato szcz\u0119\u015bciarz [My Dad the Lucky Man]. In\u00a0Wojenne lalki Marysi [Marysia\u2019s Wartime Dolls], the Holocaust is referred to episodically. The child narrator mentions that she used to live in 38 Ch\u0142odna Street with her family \u201cright next to the Warsaw Ghetto,\u201d which gave them opportunity to offer help to victims of anti-Semitism and repression (for example, to share food). The author does not shy away from relaying some dramatic events, such as the suicides of ghetto prisoners, which Marysia inadvertently witnesses. \u00a0 Bibliography: Szumal, M., Ada Judytka i zaginiony ta\u0142es. Dzieci\u0119cy klucz do wielokulturowego Bia\u0142egostoku, \u201ePolonistyka. Innowacje&#8221;, no. 9, 2019, pp. 131\u2013140.<\/p>\n","protected":false},"author":1,"featured_media":0,"parent":0,"menu_order":0,"comment_status":"closed","ping_status":"closed","template":"","meta":[],"_links":{"self":[{"href":"https:\/\/oczamidziecka.al.uw.edu.pl\/index.php\/wp-json\/wp\/v2\/pages\/2497"}],"collection":[{"href":"https:\/\/oczamidziecka.al.uw.edu.pl\/index.php\/wp-json\/wp\/v2\/pages"}],"about":[{"href":"https:\/\/oczamidziecka.al.uw.edu.pl\/index.php\/wp-json\/wp\/v2\/types\/page"}],"author":[{"embeddable":true,"href":"https:\/\/oczamidziecka.al.uw.edu.pl\/index.php\/wp-json\/wp\/v2\/users\/1"}],"replies":[{"embeddable":true,"href":"https:\/\/oczamidziecka.al.uw.edu.pl\/index.php\/wp-json\/wp\/v2\/comments?post=2497"}],"version-history":[{"count":8,"href":"https:\/\/oczamidziecka.al.uw.edu.pl\/index.php\/wp-json\/wp\/v2\/pages\/2497\/revisions"}],"predecessor-version":[{"id":2753,"href":"https:\/\/oczamidziecka.al.uw.edu.pl\/index.php\/wp-json\/wp\/v2\/pages\/2497\/revisions\/2753"}],"wp:attachment":[{"href":"https:\/\/oczamidziecka.al.uw.edu.pl\/index.php\/wp-json\/wp\/v2\/media?parent=2497"}],"curies":[{"name":"wp","href":"https:\/\/api.w.org\/{rel}","templated":true}]}}