{"id":2495,"date":"2020-02-01T16:14:31","date_gmt":"2020-02-01T15:14:31","guid":{"rendered":"https:\/\/oczamidziecka.al.uw.edu.pl\/?page_id=2495"},"modified":"2020-02-01T16:49:11","modified_gmt":"2020-02-01T15:49:11","slug":"wojenne-lalki-marysi","status":"publish","type":"page","link":"https:\/\/oczamidziecka.al.uw.edu.pl\/index.php\/wojenne-lalki-marysi\/","title":{"rendered":"Wojenne lalki Marysi"},"content":{"rendered":"\n<div class=\"wp-block-columns has-2-columns\">\n<div class=\"wp-block-column\">\n<h6>Autor: Ma\u0142gorzata J. Berwid<\/h6>\n\n\n\n<h6>Ilustracje: Ania Jamr\u00f3z<\/h6>\n\n\n\n<h6>Rok wydania: 2019<\/h6>\n\n\n\n<h6>Wydawnictwo: TADAM<\/h6>\n\n\n\n<h6>Miejsce wydania: Warszawa<\/h6>\n\n\n\n<h6>Liczba stron: 64<\/h6>\n\n\n\n<h6>ISBN:&nbsp;9788395148088<\/h6>\n<\/div>\n\n\n\n<div class=\"wp-block-column\">\n<div class=\"wp-block-image\"><figure class=\"alignright\"><img loading=\"lazy\" width=\"270\" height=\"380\" src=\"https:\/\/oczamidziecka.al.uw.edu.pl\/wp-content\/uploads\/2020\/02\/wojenne-lalki-marysi_okladka-532x750-1-e1580570869632.jpg\" alt=\"\" class=\"wp-image-2510\"\/><figcaption>Wykorzystanie ok\u0142adki za zgod\u0105 wydawcy. \u00a9Wydawnictwo TADAM <br>\u00a9Ma\u0142gorzata J. Berwid<br>\u00a9Ania Jamr\u00f3z<\/figcaption><\/figure><\/div>\n<\/div>\n<\/div>\n\n\n<p class=\"p1\"><span class=\"s1\">Kiedy w \u017cycie Marysi wkracza wojna, wszystko si\u0119 zmienia: dziewczynka nie mo\u017ce rozpocz\u0105\u0107 nauki w pierwszej klasie, a na warszawskim niebie pojawiaj\u0105 si\u0119 samoloty zrzucaj\u0105ce bomby. W kolejnych ods\u0142onach bohaterka opisuje \u017cycie w trawionej wojn\u0105 Polsce oraz wprowadzane nieustannie przez okupanta ograniczenia, utrudniaj\u0105ce \u017cycie tak doros\u0142ym, jak dzieciom. Pojawiaj\u0105 si\u0119 r\u00f3wnie\u017c takie w\u0105tki, jak dzia\u0142alno\u015b\u0107 konspiracyjna i powstanie warszawskie. Co wa\u017cne, opowie\u015b\u0107 Berwid bazuje na wspomnieniach matki autorki, zawiera ponadto przypisy oraz wst\u0119p Joanny Papuzi\u0144skiej, badaczki literatury dzieci\u0119cej i autorki, m.in. autobiograficznych wspomnie\u0144 z czas\u00f3w II wojny \u015bwiatowej <em>Asiunia<\/em> i <em>M\u00f3j tato szcz\u0119\u015bciarz<\/em>.<\/span><\/p>\n<p class=\"p1\"><span class=\"s1\">W <em>Wojennych lalkach Marysi<\/em>&nbsp;Zag\u0142ada \u017byd\u00f3w pojawia si\u0119 epizodycznie. Dzieci\u0119ca narratorka wspomina, \u017ce wraz z rodzin\u0105 mieszka\u0142a przy ulicy Ch\u0142odnej 38, \u201etu\u017c obok <a href=\"https:\/\/sztetl.org.pl\/pl\/slownik\/getto-warszawskie\" target=\"_blank\" rel=\"noopener noreferrer\">warszawskiego getta<\/a>\u201d, co by\u0142o okazj\u0105 do niesienia pomocy (np. dzielenia si\u0119 po\u017cywieniem) potrzebuj\u0105cym ofiarom narastaj\u0105cego antysemityzmu i represji. Jednocze\u015bnie autorka nie pomija dramatycznych wydarze\u0144, takich jak samob\u00f3jstwa mieszka\u0144c\u00f3w getta, kt\u00f3rych Marysia by\u0142a mimowolnym \u015bwiadkiem.<\/span><\/p>","protected":false},"excerpt":{"rendered":"<p>Autor: Ma\u0142gorzata J. Berwid Ilustracje: Ania Jamr\u00f3z Rok wydania: 2019 Wydawnictwo: TADAM Miejsce wydania: Warszawa Liczba stron: 64 ISBN:&nbsp;9788395148088 Kiedy w \u017cycie Marysi wkracza wojna, wszystko si\u0119 zmienia: dziewczynka nie mo\u017ce rozpocz\u0105\u0107 nauki w pierwszej klasie, a na warszawskim niebie pojawiaj\u0105 si\u0119 samoloty zrzucaj\u0105ce bomby. W kolejnych ods\u0142onach bohaterka opisuje \u017cycie w trawionej wojn\u0105 Polsce oraz wprowadzane nieustannie przez okupanta ograniczenia, utrudniaj\u0105ce \u017cycie tak doros\u0142ym, jak dzieciom. Pojawiaj\u0105 si\u0119 r\u00f3wnie\u017c takie w\u0105tki, jak dzia\u0142alno\u015b\u0107 konspiracyjna i powstanie warszawskie. Co wa\u017cne, opowie\u015b\u0107 Berwid bazuje na wspomnieniach matki autorki, zawiera ponadto przypisy oraz wst\u0119p Joanny Papuzi\u0144skiej, badaczki literatury dzieci\u0119cej i autorki, m.in. autobiograficznych wspomnie\u0144 z czas\u00f3w II wojny \u015bwiatowej Asiunia i M\u00f3j tato szcz\u0119\u015bciarz. W Wojennych lalkach Marysi&nbsp;Zag\u0142ada \u017byd\u00f3w pojawia si\u0119 epizodycznie. Dzieci\u0119ca narratorka wspomina, \u017ce wraz z rodzin\u0105 mieszka\u0142a przy ulicy Ch\u0142odnej 38, \u201etu\u017c obok warszawskiego getta\u201d, co by\u0142o okazj\u0105 do niesienia pomocy (np. dzielenia si\u0119 po\u017cywieniem) potrzebuj\u0105cym ofiarom narastaj\u0105cego antysemityzmu i represji. Jednocze\u015bnie autorka nie pomija dramatycznych wydarze\u0144, takich jak samob\u00f3jstwa mieszka\u0144c\u00f3w getta, kt\u00f3rych Marysia by\u0142a mimowolnym \u015bwiadkiem.<\/p>\n","protected":false},"author":1,"featured_media":0,"parent":0,"menu_order":0,"comment_status":"closed","ping_status":"closed","template":"","meta":[],"_links":{"self":[{"href":"https:\/\/oczamidziecka.al.uw.edu.pl\/index.php\/wp-json\/wp\/v2\/pages\/2495"}],"collection":[{"href":"https:\/\/oczamidziecka.al.uw.edu.pl\/index.php\/wp-json\/wp\/v2\/pages"}],"about":[{"href":"https:\/\/oczamidziecka.al.uw.edu.pl\/index.php\/wp-json\/wp\/v2\/types\/page"}],"author":[{"embeddable":true,"href":"https:\/\/oczamidziecka.al.uw.edu.pl\/index.php\/wp-json\/wp\/v2\/users\/1"}],"replies":[{"embeddable":true,"href":"https:\/\/oczamidziecka.al.uw.edu.pl\/index.php\/wp-json\/wp\/v2\/comments?post=2495"}],"version-history":[{"count":7,"href":"https:\/\/oczamidziecka.al.uw.edu.pl\/index.php\/wp-json\/wp\/v2\/pages\/2495\/revisions"}],"predecessor-version":[{"id":2519,"href":"https:\/\/oczamidziecka.al.uw.edu.pl\/index.php\/wp-json\/wp\/v2\/pages\/2495\/revisions\/2519"}],"wp:attachment":[{"href":"https:\/\/oczamidziecka.al.uw.edu.pl\/index.php\/wp-json\/wp\/v2\/media?parent=2495"}],"curies":[{"name":"wp","href":"https:\/\/api.w.org\/{rel}","templated":true}]}}