{"id":1592,"date":"2019-05-09T11:55:15","date_gmt":"2019-05-09T10:55:15","guid":{"rendered":"https:\/\/oczamidziecka.al.uw.edu.pl\/?page_id=1592"},"modified":"2023-12-06T10:23:18","modified_gmt":"2023-12-06T09:23:18","slug":"pan-apoteker-mr-apoteker","status":"publish","type":"page","link":"https:\/\/oczamidziecka.al.uw.edu.pl\/index.php\/en\/pan-apoteker-mr-apoteker\/","title":{"rendered":"Pan Apoteker [Mr. Apoteker]"},"content":{"rendered":"\n<div class=\"wp-block-columns has-2-columns\">\n<div class=\"wp-block-column\">\n<h6>Author: Katarzyna Ryrych<\/h6>\n\n\n\n<h6>Illustrator: Katarzyna Ryrych<\/h6>\n\n\n\n<h6>Year: 2018<\/h6>\n\n\n\n<h6>Publisher: Literatura<\/h6>\n\n\n\n<h6>Place of publication: \u0141\u00f3d\u017a<\/h6>\n\n\n\n<h6>Pages:&nbsp;117<\/h6>\n\n\n\n<h6>ISBN: 9788376726403<\/h6>\n\n\n\n<h6>Notes: &#8220;Wojny doros\u0142ych \u2013 historie dzieci&#8221; series<\/h6>\n<\/div>\n\n\n\n<div class=\"wp-block-column\">\n<div class=\"wp-block-image\"><figure class=\"alignright\"><img loading=\"lazy\" width=\"270\" height=\"380\" src=\"https:\/\/oczamidziecka.al.uw.edu.pl\/wp-content\/uploads\/2019\/05\/img-pub-uploads-pan-apotekerjpg-1500-800-1536148685-1331984-e1557744844811.jpg\" alt=\"\" class=\"wp-image-1785\"\/><figcaption>Cover courtesy of the publisher. \u00a9Wydawnictwo Literatura<\/figcaption><\/figure><\/div>\n<\/div>\n<\/div>\n\n\n<p class=\"p1\"><span class=\"s1\"><i>Mr. Apoteker<\/i> is another one of Katarzyna Ryrych stories about the Holocaust, after<a href=\"https:\/\/oczamidziecka.al.uw.edu.pl\/index.php\/en\/bombka-babci-zilbersztajn-grandma-zilbersztajns-christmas-bauble\/\" target=\"_blank\" rel=\"noopener noreferrer\"> <em>Bombka babci Zilbersztajn<\/em> (<i>Grandma Zilbersztajn\u2019s Christmas Bauble<\/i>)<\/a>. This time, the author has decided to tell her young reader the story of <a href=\"https:\/\/sprawiedliwi.org.pl\/en\/stories-of-rescue\/story-tadeusz-pankiewicz\" target=\"_blank\" rel=\"noopener noreferrer\">Tadeusz Pankiewicz<\/a>, the owner of \u201cUnder the Eagle\u201d Pharmacy (Apteka Pod Or\u0142em) which was incorporated into the territory of <a href=\"https:\/\/sztetl.org.pl\/en\/towns\/k\/512-krakow\/116-sites-of-martyrdom\/47313-getto-w-krakowie\" target=\"_blank\" rel=\"noopener noreferrer\">the Krakow Ghetto<\/a>, although only Christians worked there. This allowed Pankiewicz to help Jewish victims locally, as he could run his business and leave the Jewish quarter freely. The reader follows the fates of a little girl Bluma, her family and her friends, learning about the world of the Krak\u00f3w Ghetto (with the ruthless character of the head of the Jewish police Symche Spire), and observing the exacerbation of anti-Jewish repressions which lead to \u201cdisplacement\u201d, or \u2013 as the reader may suspect \u2013 transportation to the forced labour camp in <a href=\"https:\/\/sztetl.org.pl\/en\/towns\/p\/1585-podgorze-ob-dzielnica-krakowa\/116-sites-of-martyrdom\/49499-niemiecki-nazistowski-oboz-koncentracyjny-plaszow\" target=\"_blank\" rel=\"noopener noreferrer\">P\u0142asz\u00f3w<\/a>, and from there: to extermination camps.<\/span><\/p>\n<p class=\"p1\"><span class=\"s1\"><i>Mr. Apoteker<\/i> is the first Polish children\u2019s story about the Krak\u00f3w Ghetto. It draws attention to the ghetto\u2019s characteristic location in the <a href=\"https:\/\/sztetl.org.pl\/en\/towns\/p\/1585-podgorze-ob-dzielnica-krakowa\" target=\"_blank\" rel=\"noopener noreferrer\">Podg\u00f3rze<\/a> district and its wall which visually resembled a row Jewish tombstones (<i>matzevahs<\/i>). Importantly, the presented history of World War Two is accompanied by much information on Jewish culture and religion, which is rare for Polish children\u2019s and young adult books on the Holocaust. The main body of the text and the footnotes teach the reader about Jewish holidays (e.g. <a href=\"https:\/\/sztetl.org.pl\/en\/glossary\/purim\" target=\"_blank\" rel=\"noopener noreferrer\">Purim<\/a>, <a href=\"https:\/\/sztetl.org.pl\/en\/glossary\/shavuot-feast-weeks\" target=\"_blank\" rel=\"noopener noreferrer\">Shavuot<\/a>, <a href=\"https:\/\/sztetl.org.pl\/en\/tradition-and-jewish-culture\/holidays\/lag-baomer\" target=\"_blank\" rel=\"noopener noreferrer\">Lag BaOmer)<\/a>, the contents of the <a href=\"https:\/\/sztetl.org.pl\/en\/glossary\/talmud\" target=\"_blank\" rel=\"noopener noreferrer\">Talmud<\/a> and <a href=\"https:\/\/sztetl.org.pl\/en\/glossary\/torah\" target=\"_blank\" rel=\"noopener noreferrer\">Torah<\/a>, terms such as <a href=\"https:\/\/sztetl.org.pl\/en\/glossary\/kabbalah\" target=\"_blank\" rel=\"noopener noreferrer\">Kaballah<\/a>, <a href=\"https:\/\/sztetl.org.pl\/en\/glossary\/maca\" target=\"_blank\" rel=\"noopener noreferrer\">matzo<\/a> and <a href=\"https:\/\/sztetl.org.pl\/en\/glossary\/cheder\" target=\"_blank\" rel=\"noopener noreferrer\">cheder<\/a>, or <a href=\"https:\/\/sztetl.org.pl\/en\/glossary\/dybuk\" target=\"_blank\" rel=\"noopener noreferrer\">dybbuk<\/a>, Haman and <a href=\"https:\/\/sztetl.org.pl\/en\/glossary\/golem\" target=\"_blank\" rel=\"noopener noreferrer\">golem<\/a>.<\/span><\/p>\n<p>\u00a0<\/p>\n<h6>Bibliography:<\/h6>\n<ul>\n<li><span class=\"s1\">Karczewska, A., <i>Pami\u0119\u0107 i empatia. O dzieci\u0119cej literaturze Zag\u0142ady<\/i>, [in:] <i>Pami\u0119\u0107 o Zag\u0142adzie w polskoj\u0119zycznej i niemieckoj\u0119zycznej literaturze autorek i autor\u00f3w drugiego oraz trzeciego pokolenia post-Szoah \/ Das Ged\u00e4chtnis an die Shoah in der polnischen und deutschsprachigen Literatur von Autorinnen und Autoren der zweiten und dritten Post-Shoah-Generation<\/i>, eds. I. von der L\u00fche, S.J. \u017burek, Lublin 2019, pp. 265\u2013300<\/span><\/li>\n<li><span class=\"s2\">Rybak, K. <em>Dzieci\u0144stwo w labiryncie getta. Recepcja mitu labiryntu w polskiej literaturze dzieci\u0119cej o<\/em> <em>Zag\u0142adzie<\/em>, Warszawa 2019 (p. 15, 69, 92);<\/span><\/li>\n<li>Rybak, K., <i>Stosunki polsko-\u017cydowskie i Zag\u0142ada w polskiej literaturze dzieci\u0119cej XXI wieku<\/i>, [in:] <i>Stosunki polsko-\u017cydowskie<\/i>, vol. 2, <em>Kultura. Literatura, sztuka i nauka w XX wieku<\/em>, ed. Z. Tr\u0119bacz, Warszawa 2020, pp. 171\u2013187 (p. 174, fn. 7; 178);<\/li>\n<li>Rybak, K., <a href=\"https:\/\/doi.org\/10.31261\/NoZ.2021.07.09\" target=\"_blank\" rel=\"noopener noreferrer\"><em>Zag\u0142ada i ideologia w polskiej literaturze dzieci\u0119cej XXI wieku<\/em><\/a>, \u201eNarracje o Zag\u0142adzie<span class=\"s2\">\u201d<\/span>, no. 1(7), 2021, pp. 155\u2013173 (p. 162, 164);<\/li>\n<li>Rybak, K., <a href=\"https:\/\/doi.org\/10.32798\/dlk.634\" target=\"_blank\" rel=\"noopener noreferrer\"><em>\u201eZupe\u0142nie inne miasto<span class=\"s2\">\u201d. Obrazy warszawskiego getta w polskiej literaturze dzieci\u0119cej XXI wieku<\/span><\/em><\/a>, \u201eDzieci\u0144stwo. Literatura i Kultura<span class=\"s2\">\u201d<\/span>, no. 3(1), 2021, pp. 67\u201384 (p. 69, fn. 6);<\/li>\n<li>Rybak, K.,\u00a0<em>Obrazowanie Zag\u0142ady. Narracje holokaustowe w polskiej literaturze XXI wieku dla dzieci i m\u0142odzie\u017cy<\/em>, Warszawa 2023;<\/li>\n<li><span class=\"s2\">Wawer, K., <a href=\"https:\/\/doi.org\/10.14746\/pi.2021.13.13\" target=\"_blank\" rel=\"noopener noreferrer\"><em>Lekcje (polskiego) z wielokulturowo\u015bci. Praca z seri\u0105 <\/em>Wojny doros\u0142ych \u2013 historie dzieci <em>w szkole podstawowej na wybranych przyk\u0142adach<\/em><\/a>, \u201ePolonistyka. Innowacje&#8221;, no. 13, 2021, pp. 145\u2013161 (p. 146)<\/span>.<\/li>\n<\/ul>","protected":false},"excerpt":{"rendered":"<p>Author: Katarzyna Ryrych Illustrator: Katarzyna Ryrych Year: 2018 Publisher: Literatura Place of publication: \u0141\u00f3d\u017a Pages:&nbsp;117 ISBN: 9788376726403 Notes: &#8220;Wojny doros\u0142ych \u2013 historie dzieci&#8221; series Mr. Apoteker is another one of Katarzyna Ryrych stories about the Holocaust, after Bombka babci Zilbersztajn (Grandma Zilbersztajn\u2019s Christmas Bauble). This time, the author has decided to tell her young reader the story of Tadeusz Pankiewicz, the owner of \u201cUnder the Eagle\u201d Pharmacy (Apteka Pod Or\u0142em) which was incorporated into the territory of the Krakow Ghetto, although only Christians worked there. This allowed Pankiewicz to help Jewish victims locally, as he could run his business and leave the Jewish quarter freely. The reader follows the fates of a little girl Bluma, her family and her friends, learning about the world of the Krak\u00f3w Ghetto (with the ruthless character of the head of the Jewish police Symche Spire), and observing the exacerbation of anti-Jewish repressions which lead to \u201cdisplacement\u201d, or \u2013 as the reader may suspect \u2013 transportation to the forced labour camp in P\u0142asz\u00f3w, and from there: to extermination camps. Mr. Apoteker is the first Polish children\u2019s story about the Krak\u00f3w Ghetto. It draws attention to the ghetto\u2019s characteristic location in the Podg\u00f3rze district and its wall which visually resembled a row Jewish tombstones (matzevahs). Importantly, the presented history of World War Two is accompanied by much information on Jewish culture and religion, which is rare for Polish children\u2019s and young adult books on the Holocaust. The main body of the text and the footnotes teach the reader about Jewish holidays (e.g. Purim, Shavuot, Lag BaOmer), the contents of the Talmud and Torah, terms such as Kaballah, matzo and cheder, or dybbuk, Haman and golem. \u00a0 Bibliography: Karczewska, A., Pami\u0119\u0107 i empatia. O dzieci\u0119cej literaturze Zag\u0142ady, [in:] Pami\u0119\u0107 o Zag\u0142adzie w polskoj\u0119zycznej i niemieckoj\u0119zycznej literaturze autorek i autor\u00f3w drugiego oraz trzeciego pokolenia post-Szoah \/ Das Ged\u00e4chtnis an die Shoah in der polnischen und deutschsprachigen Literatur von Autorinnen und Autoren der zweiten und dritten Post-Shoah-Generation, eds. I. von der L\u00fche, S.J. \u017burek, Lublin 2019, pp. 265\u2013300 Rybak, K. Dzieci\u0144stwo w labiryncie getta. Recepcja mitu labiryntu w polskiej literaturze dzieci\u0119cej o Zag\u0142adzie, Warszawa 2019 (p. 15, 69, 92); Rybak, K., Stosunki polsko-\u017cydowskie i Zag\u0142ada w polskiej literaturze dzieci\u0119cej XXI wieku, [in:] Stosunki polsko-\u017cydowskie, vol. 2, Kultura. Literatura, sztuka i nauka w XX wieku, ed. Z. Tr\u0119bacz, Warszawa 2020, pp. 171\u2013187 (p. 174, fn. 7; 178); Rybak, K., Zag\u0142ada i ideologia w polskiej literaturze dzieci\u0119cej XXI wieku, \u201eNarracje o Zag\u0142adzie\u201d, no. 1(7), 2021, pp. 155\u2013173 (p. 162, 164); Rybak, K., \u201eZupe\u0142nie inne miasto\u201d. Obrazy warszawskiego getta w polskiej literaturze dzieci\u0119cej XXI wieku, \u201eDzieci\u0144stwo. Literatura i Kultura\u201d, no. 3(1), 2021, pp. 67\u201384 (p. 69, fn. 6); Rybak, K.,\u00a0Obrazowanie Zag\u0142ady. Narracje holokaustowe w polskiej literaturze XXI wieku dla dzieci i m\u0142odzie\u017cy, Warszawa 2023; Wawer, K., Lekcje (polskiego) z wielokulturowo\u015bci. Praca z seri\u0105 Wojny doros\u0142ych \u2013 historie dzieci w szkole podstawowej na wybranych przyk\u0142adach, \u201ePolonistyka. Innowacje&#8221;, no. 13, 2021, pp. 145\u2013161 (p. 146).<\/p>\n","protected":false},"author":1,"featured_media":0,"parent":0,"menu_order":0,"comment_status":"closed","ping_status":"closed","template":"","meta":[],"_links":{"self":[{"href":"https:\/\/oczamidziecka.al.uw.edu.pl\/index.php\/wp-json\/wp\/v2\/pages\/1592"}],"collection":[{"href":"https:\/\/oczamidziecka.al.uw.edu.pl\/index.php\/wp-json\/wp\/v2\/pages"}],"about":[{"href":"https:\/\/oczamidziecka.al.uw.edu.pl\/index.php\/wp-json\/wp\/v2\/types\/page"}],"author":[{"embeddable":true,"href":"https:\/\/oczamidziecka.al.uw.edu.pl\/index.php\/wp-json\/wp\/v2\/users\/1"}],"replies":[{"embeddable":true,"href":"https:\/\/oczamidziecka.al.uw.edu.pl\/index.php\/wp-json\/wp\/v2\/comments?post=1592"}],"version-history":[{"count":15,"href":"https:\/\/oczamidziecka.al.uw.edu.pl\/index.php\/wp-json\/wp\/v2\/pages\/1592\/revisions"}],"predecessor-version":[{"id":3636,"href":"https:\/\/oczamidziecka.al.uw.edu.pl\/index.php\/wp-json\/wp\/v2\/pages\/1592\/revisions\/3636"}],"wp:attachment":[{"href":"https:\/\/oczamidziecka.al.uw.edu.pl\/index.php\/wp-json\/wp\/v2\/media?parent=1592"}],"curies":[{"name":"wp","href":"https:\/\/api.w.org\/{rel}","templated":true}]}}