{"id":1486,"date":"2019-04-28T17:47:37","date_gmt":"2019-04-28T16:47:37","guid":{"rendered":"https:\/\/oczamidziecka.al.uw.edu.pl\/?page_id=1486"},"modified":"2023-12-06T10:13:22","modified_gmt":"2023-12-06T09:13:22","slug":"dom-cioci-lusi","status":"publish","type":"page","link":"https:\/\/oczamidziecka.al.uw.edu.pl\/index.php\/dom-cioci-lusi\/","title":{"rendered":"Dom cioci Lusi"},"content":{"rendered":"\n<div class=\"wp-block-columns has-2-columns\">\n<div class=\"wp-block-column\">\n<h6>Autor: Krzysztof Str\u0119cioch<\/h6>\n\n\n\n<h6>Ilustracje: Krzysztof Str\u0119cioch<\/h6>\n\n\n\n<h6>Rok wydania: 2018<\/h6>\n\n\n\n<h6>Wydawnictwo: Adamada<\/h6>\n\n\n\n<h6>Miejsce wydania: Gda\u0144sk<\/h6>\n\n\n\n<h6>Liczba stron: 32<\/h6>\n\n\n\n<h6>ISBN: 9788381180375<\/h6>\n<\/div>\n\n\n\n<div class=\"wp-block-column\">\n<div class=\"wp-block-image\"><figure class=\"alignright\"><img loading=\"lazy\" width=\"380\" height=\"380\" src=\"https:\/\/oczamidziecka.al.uw.edu.pl\/wp-content\/uploads\/2019\/05\/dom-cioci-lusi.2-e1557734634545.jpg\" alt=\"Dom cioci Lusi ok\u0142adka\" class=\"wp-image-1698\"\/><figcaption>Wykorzystanie ok\u0142adki za zgod\u0105 wydawcy.<\/figcaption><\/figure><\/div>\n<\/div>\n<\/div>\n\n\n<p class=\"p1\"><span class=\"s1\">\u201eMam na imi\u0119 Wandzia, Zosia i Basia. Opowiem wam swoj\u0105 histori\u0119\u201d. Tak rozpoczyna si\u0119 stworzona przez Krzysztofa Str\u0119ciocha opowie\u015b\u0107 o Zag\u0142adzie przeznaczona dla najm\u0142odszych czytelnik\u00f3w (powy\u017cej pi\u0105tego roku \u017cycia). W toku narracji \u017cydowska dziewczynka zostaje si\u0142\u0105 wyrwana ze spokojnego \u017cycia z rodzicami i przeniesiona do getta, gdzie obserwuje dramatyczn\u0105 sytuacj\u0119 \u017byd\u00f3w skazanych na zag\u0142ad\u0119. Rodzicom udaje si\u0119 szcz\u0119\u015bliwie przetransportowa\u0107 Wandzi\u0119-Zosi\u0119-Basi\u0119 na \u201earyjsk\u0105\u201d stron\u0119, gdzie bohaterka ukrywa si\u0119 w tytu\u0142owym domu. Przeszed\u0142szy specjalne przeszkolenie przyjmuje now\u0105 to\u017csamo\u015b\u0107 i ukrywa si\u0119 przed zagro\u017ceniem, kt\u00f3re nieustannie na n\u0105 czyha. Bohaterce udaje si\u0119 doczeka\u0107 ko\u0144ca wojny, a opowie\u015b\u0107 zamykaj\u0105 poruszaj\u0105ce s\u0142owa: \u201eMam na imi\u0119 Wanda, Zofia, Barbara. Jestem Polk\u0105. Jestem \u017byd\u00f3wk\u0105. Nie chcia\u0142abym, \u017ceby moja historia kiedykolwiek si\u0119 powt\u00f3rzy\u0142a\u201d.<\/span><\/p>\n<p class=\"p1\"><span class=\"s1\"><em>Dom cioci Lusi<\/em> to opowie\u015b\u0107 o Zag\u0142adzie \u017byd\u00f3w skierowana do najm\u0142odszych czytelnik\u00f3w. Kr\u00f3tka, uproszczona narracja prowadzona z perspektywy ma\u0142ej dziewczynki mo\u017ce pos\u0142u\u017cy\u0107 jako wprowadzenie kilkulatk\u00f3w do tego trudnego tematu, w warstwie tekstowej i ilustracyjnej ksi\u0105\u017cka nie epatuje bowiem groz\u0105 i brutalno\u015bci\u0105, a kr\u00f3tka fabu\u0142a i proste zdania z pewno\u015bci\u0105 trafi\u0105 do m\u0142odszych czytelnik\u00f3w. Jednocze\u015bnie Str\u0119cioch zadba\u0142 o historyczny przekaz dotycz\u0105cy tragedii dzieci\u0119cych ofiar Zag\u0142ady, odwo\u0142uj\u0105c si\u0119 do takich element\u00f3w jak zmiana to\u017csamo\u015bci czy \u201ezabawa w chowanego\u201d, oferuj\u0105c skr\u00f3tow\u0105 narracj\u0119 o Holokau\u015bcie.<\/span><\/p>\n<p>\u00a0<\/p>\n<h6>Bibliografia:<\/h6>\n<ul class=\"ul1\">\n<li class=\"li1\"><span class=\"s2\"><span class=\"s1\">Karczewska, A., <i>Pami\u0119\u0107 i empatia. O dzieci\u0119cej literaturze Zag\u0142ady<\/i>, [w:]\u00a0<i>Pami\u0119\u0107 o Zag\u0142adzie w polskoj\u0119zycznej i niemieckoj\u0119zycznej literaturze autorek i autor\u00f3w drugiego oraz trzeciego pokolenia post-Szoah \/ Das Ged\u00e4chtnis an die Shoah in der polnischen und deutschsprachigen Literatur von Autorinnen und Autoren der zweiten und dritten Post-Shoah-Generation<\/i>, red. I. von der L\u00fche, S.J. \u017burek, Lublin 2019, s. 265\u2013300;<\/span><\/span><\/li>\n<li>Rybak, K., <i>Stosunki polsko-\u017cydowskie i Zag\u0142ada w polskiej literaturze dzieci\u0119cej XXI wieku<\/i>, [w:] <i>Stosunki polsko-\u017cydowskie<\/i>, t. 2, <em>Kultura. Literatura, sztuka i nauka w XX wieku<\/em>, red. Z. Tr\u0119bacz, Warszawa 2020, s. 171\u2013187 (s. 177, przyp. 21);<\/li>\n<li>Rybak, K., <a href=\"https:\/\/doi.org\/10.31261\/NoZ.2021.07.09\" target=\"_blank\" rel=\"noopener noreferrer\"><em>Zag\u0142ada i ideologia w polskiej literaturze dzieci\u0119cej XXI wieku<\/em><\/a>, \u201eNarracje o Zag\u0142adzie<span class=\"s2\">\u201d<\/span>, nr 1(7), 2021, s. 155\u2013173 (s. 162, 164);<\/li>\n<li>Rybak, K.,\u00a0<em>Obrazowanie Zag\u0142ady. Narracje holokaustowe w polskiej literaturze XXI wieku dla dzieci i m\u0142odzie\u017cy<\/em>, Warszawa 2023;<\/li>\n<li class=\"li1\"><span class=\"s2\">Szygu\u0142a, A.,\u00a0<\/span><span class=\"s3\"><i>Dom cioci Lusi<\/i><\/span><span class=\"s2\">, \u201eRyms. Kwartalnik o ksi\u0105\u017ckach dla dzieci i m\u0142odzie\u017cy\u201d, nr 33, 2018, s. 44<\/span><span class=\"s2\">.<\/span><\/li>\n<\/ul>","protected":false},"excerpt":{"rendered":"<p>Autor: Krzysztof Str\u0119cioch Ilustracje: Krzysztof Str\u0119cioch Rok wydania: 2018 Wydawnictwo: Adamada Miejsce wydania: Gda\u0144sk Liczba stron: 32 ISBN: 9788381180375 \u201eMam na imi\u0119 Wandzia, Zosia i Basia. Opowiem wam swoj\u0105 histori\u0119\u201d. Tak rozpoczyna si\u0119 stworzona przez Krzysztofa Str\u0119ciocha opowie\u015b\u0107 o Zag\u0142adzie przeznaczona dla najm\u0142odszych czytelnik\u00f3w (powy\u017cej pi\u0105tego roku \u017cycia). W toku narracji \u017cydowska dziewczynka zostaje si\u0142\u0105 wyrwana ze spokojnego \u017cycia z rodzicami i przeniesiona do getta, gdzie obserwuje dramatyczn\u0105 sytuacj\u0119 \u017byd\u00f3w skazanych na zag\u0142ad\u0119. Rodzicom udaje si\u0119 szcz\u0119\u015bliwie przetransportowa\u0107 Wandzi\u0119-Zosi\u0119-Basi\u0119 na \u201earyjsk\u0105\u201d stron\u0119, gdzie bohaterka ukrywa si\u0119 w tytu\u0142owym domu. Przeszed\u0142szy specjalne przeszkolenie przyjmuje now\u0105 to\u017csamo\u015b\u0107 i ukrywa si\u0119 przed zagro\u017ceniem, kt\u00f3re nieustannie na n\u0105 czyha. Bohaterce udaje si\u0119 doczeka\u0107 ko\u0144ca wojny, a opowie\u015b\u0107 zamykaj\u0105 poruszaj\u0105ce s\u0142owa: \u201eMam na imi\u0119 Wanda, Zofia, Barbara. Jestem Polk\u0105. Jestem \u017byd\u00f3wk\u0105. Nie chcia\u0142abym, \u017ceby moja historia kiedykolwiek si\u0119 powt\u00f3rzy\u0142a\u201d. Dom cioci Lusi to opowie\u015b\u0107 o Zag\u0142adzie \u017byd\u00f3w skierowana do najm\u0142odszych czytelnik\u00f3w. Kr\u00f3tka, uproszczona narracja prowadzona z perspektywy ma\u0142ej dziewczynki mo\u017ce pos\u0142u\u017cy\u0107 jako wprowadzenie kilkulatk\u00f3w do tego trudnego tematu, w warstwie tekstowej i ilustracyjnej ksi\u0105\u017cka nie epatuje bowiem groz\u0105 i brutalno\u015bci\u0105, a kr\u00f3tka fabu\u0142a i proste zdania z pewno\u015bci\u0105 trafi\u0105 do m\u0142odszych czytelnik\u00f3w. Jednocze\u015bnie Str\u0119cioch zadba\u0142 o historyczny przekaz dotycz\u0105cy tragedii dzieci\u0119cych ofiar Zag\u0142ady, odwo\u0142uj\u0105c si\u0119 do takich element\u00f3w jak zmiana to\u017csamo\u015bci czy \u201ezabawa w chowanego\u201d, oferuj\u0105c skr\u00f3tow\u0105 narracj\u0119 o Holokau\u015bcie. \u00a0 Bibliografia: Karczewska, A., Pami\u0119\u0107 i empatia. O dzieci\u0119cej literaturze Zag\u0142ady, [w:]\u00a0Pami\u0119\u0107 o Zag\u0142adzie w polskoj\u0119zycznej i niemieckoj\u0119zycznej literaturze autorek i autor\u00f3w drugiego oraz trzeciego pokolenia post-Szoah \/ Das Ged\u00e4chtnis an die Shoah in der polnischen und deutschsprachigen Literatur von Autorinnen und Autoren der zweiten und dritten Post-Shoah-Generation, red. I. von der L\u00fche, S.J. \u017burek, Lublin 2019, s. 265\u2013300; Rybak, K., Stosunki polsko-\u017cydowskie i Zag\u0142ada w polskiej literaturze dzieci\u0119cej XXI wieku, [w:] Stosunki polsko-\u017cydowskie, t. 2, Kultura. Literatura, sztuka i nauka w XX wieku, red. Z. Tr\u0119bacz, Warszawa 2020, s. 171\u2013187 (s. 177, przyp. 21); Rybak, K., Zag\u0142ada i ideologia w polskiej literaturze dzieci\u0119cej XXI wieku, \u201eNarracje o Zag\u0142adzie\u201d, nr 1(7), 2021, s. 155\u2013173 (s. 162, 164); Rybak, K.,\u00a0Obrazowanie Zag\u0142ady. Narracje holokaustowe w polskiej literaturze XXI wieku dla dzieci i m\u0142odzie\u017cy, Warszawa 2023; Szygu\u0142a, A.,\u00a0Dom cioci Lusi, \u201eRyms. Kwartalnik o ksi\u0105\u017ckach dla dzieci i m\u0142odzie\u017cy\u201d, nr 33, 2018, s. 44.<\/p>\n","protected":false},"author":1,"featured_media":0,"parent":0,"menu_order":0,"comment_status":"closed","ping_status":"closed","template":"","meta":[],"_links":{"self":[{"href":"https:\/\/oczamidziecka.al.uw.edu.pl\/index.php\/wp-json\/wp\/v2\/pages\/1486"}],"collection":[{"href":"https:\/\/oczamidziecka.al.uw.edu.pl\/index.php\/wp-json\/wp\/v2\/pages"}],"about":[{"href":"https:\/\/oczamidziecka.al.uw.edu.pl\/index.php\/wp-json\/wp\/v2\/types\/page"}],"author":[{"embeddable":true,"href":"https:\/\/oczamidziecka.al.uw.edu.pl\/index.php\/wp-json\/wp\/v2\/users\/1"}],"replies":[{"embeddable":true,"href":"https:\/\/oczamidziecka.al.uw.edu.pl\/index.php\/wp-json\/wp\/v2\/comments?post=1486"}],"version-history":[{"count":9,"href":"https:\/\/oczamidziecka.al.uw.edu.pl\/index.php\/wp-json\/wp\/v2\/pages\/1486\/revisions"}],"predecessor-version":[{"id":3600,"href":"https:\/\/oczamidziecka.al.uw.edu.pl\/index.php\/wp-json\/wp\/v2\/pages\/1486\/revisions\/3600"}],"wp:attachment":[{"href":"https:\/\/oczamidziecka.al.uw.edu.pl\/index.php\/wp-json\/wp\/v2\/media?parent=1486"}],"curies":[{"name":"wp","href":"https:\/\/api.w.org\/{rel}","templated":true}]}}