{"id":108,"date":"2018-05-10T09:48:13","date_gmt":"2018-05-10T08:48:13","guid":{"rendered":"https:\/\/oczamidziecka.al.uw.edu.pl\/?page_id=108"},"modified":"2019-02-11T18:42:38","modified_gmt":"2019-02-11T17:42:38","slug":"links","status":"publish","type":"page","link":"https:\/\/oczamidziecka.al.uw.edu.pl\/index.php\/en\/links\/","title":{"rendered":"Links"},"content":{"rendered":"<h6>List of useful links:<\/h6>\n<p><a href=\"http:\/\/mbp-oswiecim.pl\/cld\/\" target=\"_blank\" rel=\"noopener\">Center for Children&#8217;s Literature, \u0141ukasz G\u00f3rnicki Municipal Public Library GALERIA KSI\u0104\u017bKI in O\u015bwi\u0119cim<\/a> (in Polish)<\/p>\n<p><a href=\"http:\/\/www.koszykowa.pl\/mkd\/o-nas\" target=\"_blank\" rel=\"noopener\">Children&#8217;s Book Museum, Warsaw Public Library \u2013 Central Library of the Masovian Voivodeship<\/a> (in Polish)<\/p>\n<p><a href=\"http:\/\/al.uw.edu.pl\/en\/\" target=\"_blank\" rel=\"noopener\">Faculty of &#8220;Artes Liberales&#8221;, University of Warsaw<\/a><\/p>\n<p><a href=\"http:\/\/www.jhi.pl\/en\" target=\"_blank\" rel=\"noopener\">The Emanuel Ringelblum Jewish Historical Institute<\/a><\/p>\n<p><a href=\"https:\/\/www.polin.pl\/en\" target=\"_blank\" rel=\"noopener\">POLIN Museum of the History of Polish Jews<\/a><\/p>\n<p><a href=\"https:\/\/sztetl.org.pl\/en\" target=\"_blank\" rel=\"noopener\">Virtual Shtetl<\/a><\/p>\n","protected":false},"excerpt":{"rendered":"<p>List of useful links: Center for Children&#8217;s Literature, \u0141ukasz G\u00f3rnicki Municipal Public Library GALERIA KSI\u0104\u017bKI in O\u015bwi\u0119cim (in Polish) Children&#8217;s Book Museum, Warsaw Public Library \u2013 Central Library of the Masovian Voivodeship (in Polish) Faculty of &#8220;Artes Liberales&#8221;, University of Warsaw The Emanuel Ringelblum Jewish Historical Institute POLIN Museum of the History of Polish Jews Virtual Shtetl<\/p>\n","protected":false},"author":1,"featured_media":0,"parent":0,"menu_order":0,"comment_status":"closed","ping_status":"closed","template":"","meta":[],"_links":{"self":[{"href":"https:\/\/oczamidziecka.al.uw.edu.pl\/index.php\/wp-json\/wp\/v2\/pages\/108"}],"collection":[{"href":"https:\/\/oczamidziecka.al.uw.edu.pl\/index.php\/wp-json\/wp\/v2\/pages"}],"about":[{"href":"https:\/\/oczamidziecka.al.uw.edu.pl\/index.php\/wp-json\/wp\/v2\/types\/page"}],"author":[{"embeddable":true,"href":"https:\/\/oczamidziecka.al.uw.edu.pl\/index.php\/wp-json\/wp\/v2\/users\/1"}],"replies":[{"embeddable":true,"href":"https:\/\/oczamidziecka.al.uw.edu.pl\/index.php\/wp-json\/wp\/v2\/comments?post=108"}],"version-history":[{"count":7,"href":"https:\/\/oczamidziecka.al.uw.edu.pl\/index.php\/wp-json\/wp\/v2\/pages\/108\/revisions"}],"predecessor-version":[{"id":547,"href":"https:\/\/oczamidziecka.al.uw.edu.pl\/index.php\/wp-json\/wp\/v2\/pages\/108\/revisions\/547"}],"wp:attachment":[{"href":"https:\/\/oczamidziecka.al.uw.edu.pl\/index.php\/wp-json\/wp\/v2\/media?parent=108"}],"curies":[{"name":"wp","href":"https:\/\/api.w.org\/{rel}","templated":true}]}}